{"id":34281,"date":"2022-10-31T23:34:43","date_gmt":"2022-10-31T21:34:43","guid":{"rendered":"https:\/\/hookahshop.lt\/?post_type=product&#038;p=34281"},"modified":"2026-04-20T23:29:29","modified_gmt":"2026-04-20T20:29:29","slug":"taurele-kaljanui-kong-phunnel-space-blue","status":"publish","type":"product","link":"https:\/\/hookahshop.lt\/et\/toode\/tass-vesipiibu-kong-lehtri-kosmosinisine\/","title":{"rendered":"Vesipiibu kauss KONG Phunnel Space Blue"},"content":{"rendered":"<h2>Vesipiibu kauss KONG Phunnel Space Blue<\/h2>\n<p>L\u00e4binud piima r\u00f6stimise etapi ja 12 t\u00f6\u00f6tlemisetappi, nii et saad endale v\u00e4ga kaua lubada suurep\u00e4rase vesipiibu. Disain kutsub esile looduslike aroomide ja maitsva vesipiibu naudingu. T\u00e4idise maht on umbes 18-22 g.<\/p>\n<p><strong>Omadused:<\/strong><br \/>\nK\u00f5rgus: 100 mm<br \/>\nL\u00e4bim\u00f5\u00f5t (v\u00e4limine): 74 mm<br \/>\nL\u00e4bim\u00f5\u00f5t (sisemine): 63 mm<br \/>\nS\u00fcgavus: 17 mm<br \/>\nAva l\u00e4bim\u00f5\u00f5t: 13 mm<br \/>\nAukude arv: 1 tk<br \/>\nKaal: umbes 234 g.<\/p>\n<p>Kas teil on k\u00fcsimusi? v\u00f5ta meiega \u00fchendust\u00a0<a href=\"https:\/\/hookahshop.lt\/et\/kontaktid\/\">kontaktide leht<\/a>\u00a0v\u00f5i saatke meile e-kiri aadressil\u00a0<a href=\"https:\/\/facebook.com\/HookahShop.lt\/\" target=\"_blank\" rel=\"noopener noreferrer\">Facebooki konto<\/a>\u00a0ja vastame teie taotlusele samal p\u00e4eval.<\/p>\n<p>&nbsp;<\/p>","protected":false},"excerpt":{"rendered":"<p>Vesipiibu tass KONG Phunnel Space Blue L\u00e4binud piima r\u00f6stimise etapi ja 12 t\u00f6\u00f6tlemisetappi, nii et saate lubada end suurep\u00e4rase vesipiibuga v\u00e4ga pikka aega. Disain kutsub esile looduslike aroomide ja maitsva vesipiibu naudingu. T\u00e4idise maht on umbes 18-22 g. Omadused: K\u00f5rgus: 100 mm L\u00e4bim\u00f5\u00f5t (v\u00e4limine): 74 mm L\u00e4bim\u00f5\u00f5t (sisemine): 63 mm S\u00fcgavus: 17 mm Ava l\u00e4bim\u00f5\u00f5t: 13 mm Aukude arv: [\u2026]<\/p>","protected":false},"featured_media":34282,"comment_status":"open","ping_status":"closed","template":"","meta":[],"_links":{"self":[{"href":"https:\/\/hookahshop.lt\/et\/wp-json\/wp\/v2\/product\/34281"}],"collection":[{"href":"https:\/\/hookahshop.lt\/et\/wp-json\/wp\/v2\/product"}],"about":[{"href":"https:\/\/hookahshop.lt\/et\/wp-json\/wp\/v2\/types\/product"}],"replies":[{"embeddable":true,"href":"https:\/\/hookahshop.lt\/et\/wp-json\/wp\/v2\/comments?post=34281"}],"version-history":[{"count":4,"href":"https:\/\/hookahshop.lt\/et\/wp-json\/wp\/v2\/product\/34281\/revisions"}],"predecessor-version":[{"id":45627,"href":"https:\/\/hookahshop.lt\/et\/wp-json\/wp\/v2\/product\/34281\/revisions\/45627"}],"wp:featuredmedia":[{"embeddable":true,"href":"https:\/\/hookahshop.lt\/et\/wp-json\/wp\/v2\/media\/34282"}],"wp:attachment":[{"href":"https:\/\/hookahshop.lt\/et\/wp-json\/wp\/v2\/media?parent=34281"}],"curies":[{"name":"wp","href":"https:\/\/api.w.org\/{rel}","templated":true}]}}