{"id":34288,"date":"2022-10-31T23:57:05","date_gmt":"2022-10-31T21:57:05","guid":{"rendered":"https:\/\/hookahshop.lt\/?post_type=product&#038;p=34288"},"modified":"2026-04-15T23:29:27","modified_gmt":"2026-04-15T20:29:27","slug":"taurele-kaljanui-moon-killer-black-matte","status":"publish","type":"product","link":"https:\/\/hookahshop.lt\/et\/toode\/vesipiibu-tass-moon-killer-must-matt\/","title":{"rendered":"Vesipiibu kauss MOON Killer Black Matte"},"content":{"rendered":"<h2>Vesipiibu kauss MOON Killer Black Matte<\/h2>\n<p>K\u00e4sitsi valmistatud, suurep\u00e4rane t\u00f6\u00f6tlus, valmistatud kvaliteetsest savist, glasuuritud tass. Uudsust toodetakse Venemaal turul ja nende heaks t\u00f6\u00f6tasid samad inimesed, kes olid seotud Oblakas tasside loomisega. Kvaliteetne savi ja glasuur on ideaalne kombinatsioon.<br \/>\nRahvas sobib nii tumedale kui heledale tubakale.<br \/>\nTassi maht on umbes 15 g (olenevalt kasutatavast pakkimisviisist).<\/p>\n<p>Topsis oleva tubaka jaotamiseks on kinnitatud puidust kahvel.<\/p>\n<p><strong>Omadused:<\/strong><br \/>\nMaterjal: savi<br \/>\nK\u00f5rgus: ~ 12 cm<br \/>\nLaius: ~ 7,8 cm<br \/>\nMahutavus: ~ 1,3 cm<\/p>\n<p>Kas teil on k\u00fcsimusi? v\u00f5ta meiega \u00fchendust\u00a0<a href=\"https:\/\/hookahshop.lt\/et\/kontaktid\/\">kontaktide leht<\/a>\u00a0v\u00f5i saatke meile e-kiri aadressil\u00a0<a href=\"https:\/\/facebook.com\/HookahShop.lt\/\" target=\"_blank\" rel=\"noopener noreferrer\">Facebooki konto<\/a>\u00a0ja vastame teie taotlusele samal p\u00e4eval.<\/p>\n<p>&nbsp;<\/p>","protected":false},"excerpt":{"rendered":"<p>Vesipiibu tass MOON Killer Black Matte K\u00e4sitsi valmistatud, suurep\u00e4rane t\u00f6\u00f6tlus, valmistatud kvaliteetsest savist, glasuuritud tass. Venemaal toodetud toodang on turul uudne ja nende kallal t\u00f6\u00f6tasid samad inimesed, kes olid seotud Oblaki tasside loomisega. Kvaliteetne savi ja glasuur on ideaalne kombinatsioon. Kauss sobib nii tumedale kui heledale tubakale. Tassi maht on umbes 15 g (olenevalt [\u2026]<\/p>","protected":false},"featured_media":34289,"comment_status":"open","ping_status":"closed","template":"","meta":[],"_links":{"self":[{"href":"https:\/\/hookahshop.lt\/et\/wp-json\/wp\/v2\/product\/34288"}],"collection":[{"href":"https:\/\/hookahshop.lt\/et\/wp-json\/wp\/v2\/product"}],"about":[{"href":"https:\/\/hookahshop.lt\/et\/wp-json\/wp\/v2\/types\/product"}],"replies":[{"embeddable":true,"href":"https:\/\/hookahshop.lt\/et\/wp-json\/wp\/v2\/comments?post=34288"}],"version-history":[{"count":4,"href":"https:\/\/hookahshop.lt\/et\/wp-json\/wp\/v2\/product\/34288\/revisions"}],"predecessor-version":[{"id":43028,"href":"https:\/\/hookahshop.lt\/et\/wp-json\/wp\/v2\/product\/34288\/revisions\/43028"}],"wp:featuredmedia":[{"embeddable":true,"href":"https:\/\/hookahshop.lt\/et\/wp-json\/wp\/v2\/media\/34289"}],"wp:attachment":[{"href":"https:\/\/hookahshop.lt\/et\/wp-json\/wp\/v2\/media?parent=34288"}],"curies":[{"name":"wp","href":"https:\/\/api.w.org\/{rel}","templated":true}]}}