{"id":34368,"date":"2022-11-10T14:58:12","date_gmt":"2022-11-10T12:58:12","guid":{"rendered":"https:\/\/hookahshop.lt\/?post_type=product&#038;p=34368"},"modified":"2026-04-17T23:29:51","modified_gmt":"2026-04-17T20:29:51","slug":"kolba-kaljanui-su-sriegiu-aladin-mvp550-3","status":"publish","type":"product","link":"https:\/\/hookahshop.lt\/et\/toode\/kolb-vesipiibu-longaga-aladin-mvp550-3\/","title":{"rendered":"Vesipiibu kolb keermega ALADIN MVP550 Turquoise"},"content":{"rendered":"<h2>Vesipiibu kolb keermega ALADIN MVP550 Turquoise<\/h2>\n<p>Keermega kolb on m\u00f5eldud ainult ALADIN MVP550 vesipiibu jaoks.<sub><br \/>\n<\/sub><\/p>\n<p><strong><span title=\"\">Spetsifikatsioonid:<\/span><\/strong><br \/>\nV\u00e4rv \u2013 t\u00fcrkiissinine<br \/>\nK\u00f5rgus: 27 cm<br \/>\nMaterjal: roostevaba teras.<\/p>\n<p>Kas teil on k\u00fcsimusi? v\u00f5ta meiega \u00fchendust\u00a0<a href=\"https:\/\/hookahshop.lt\/et\/kontaktid\/\">kontaktide leht<\/a>\u00a0v\u00f5i saatke meile e-kiri aadressil\u00a0<a href=\"https:\/\/facebook.com\/HookahShop.lt\/\" target=\"_blank\" rel=\"noopener\">Facebooki konto<\/a>\u00a0ja vastame teie taotlusele samal p\u00e4eval.<\/p>","protected":false},"excerpt":{"rendered":"<p>Kolba kaljanui su sriegiu ALADIN MVP550 Turquoise Kolba su sriegiu skirta tik ALADIN MVP550\u00a0kaljanui. Specifikacijos: Spalva \u2013 turkio Auk\u0161tis: 27cm Med\u017eiaga: ner\u016bdijantis plienas. Turite klausim\u0173? Susisiekite su mumis\u00a0kontakt\u0173 puslapyje\u00a0arba para\u0161ykite mums \u012f\u00a0Facebook paskyr\u0105\u00a0ir atsakysime \u012f j\u016bs\u0173 u\u017eklaus\u0105 dar t\u0105 pa\u010di\u0105 dien\u0105.<\/p>","protected":false},"featured_media":34369,"comment_status":"open","ping_status":"closed","template":"","meta":[],"_links":{"self":[{"href":"https:\/\/hookahshop.lt\/et\/wp-json\/wp\/v2\/product\/34368"}],"collection":[{"href":"https:\/\/hookahshop.lt\/et\/wp-json\/wp\/v2\/product"}],"about":[{"href":"https:\/\/hookahshop.lt\/et\/wp-json\/wp\/v2\/types\/product"}],"replies":[{"embeddable":true,"href":"https:\/\/hookahshop.lt\/et\/wp-json\/wp\/v2\/comments?post=34368"}],"version-history":[{"count":5,"href":"https:\/\/hookahshop.lt\/et\/wp-json\/wp\/v2\/product\/34368\/revisions"}],"predecessor-version":[{"id":45154,"href":"https:\/\/hookahshop.lt\/et\/wp-json\/wp\/v2\/product\/34368\/revisions\/45154"}],"wp:featuredmedia":[{"embeddable":true,"href":"https:\/\/hookahshop.lt\/et\/wp-json\/wp\/v2\/media\/34369"}],"wp:attachment":[{"href":"https:\/\/hookahshop.lt\/et\/wp-json\/wp\/v2\/media?parent=34368"}],"curies":[{"name":"wp","href":"https:\/\/api.w.org\/{rel}","templated":true}]}}