{"id":34372,"date":"2022-11-10T15:10:40","date_gmt":"2022-11-10T13:10:40","guid":{"rendered":"https:\/\/hookahshop.lt\/?post_type=product&#038;p=34372"},"modified":"2026-04-06T23:29:28","modified_gmt":"2026-04-06T20:29:28","slug":"kolba-kaljanui-su-sriegiu-aladin-alux-m5","status":"publish","type":"product","link":"https:\/\/hookahshop.lt\/et\/toode\/vesipiibu-kolb-keermega-aladin-alux-m5\/","title":{"rendered":"Keermega vesipiibu kolb ALADIN Alux M5 Black"},"content":{"rendered":"<h2>Keermega vesipiibu kolb ALADIN Alux M5 Black<\/h2>\n<p>Keermega kolb on ainult ALADIN Alux M5 vesipiibu jaoks.<\/p>\n<p><strong><span title=\"\">Spetsifikatsioonid:<\/span><\/strong><br \/>\nV\u00e4rv \u2013 l\u00e4bipaistev<br \/>\nK\u00f5rgus: 22 cm<br \/>\nMaterjal: kvaliteetne alumiinium.<\/p>\n<p>Kas teil on k\u00fcsimusi? v\u00f5ta meiega \u00fchendust\u00a0<a href=\"https:\/\/hookahshop.lt\/et\/kontaktid\/\">kontaktide leht<\/a>\u00a0v\u00f5i saatke meile e-kiri aadressil\u00a0<a href=\"https:\/\/facebook.com\/HookahShop.lt\/\" target=\"_blank\" rel=\"noopener\">Facebooki konto<\/a>\u00a0ja vastame teie taotlusele samal p\u00e4eval.<\/p>","protected":false},"excerpt":{"rendered":"<p>Kolba kaljanui su sriegiu ALADIN Alux M5 Black Kolba su sriegiu skirta tik ALADIN Alux M5 kaljanui. Specifikacijos: Spalva \u2013 skaidri Auk\u0161tis: 22cm Med\u017eiaga: auk\u0161tos kokyb\u0117s aliuminis. Turite klausim\u0173? Susisiekite su mumis\u00a0kontakt\u0173 puslapyje\u00a0arba para\u0161ykite mums \u012f\u00a0Facebook paskyr\u0105\u00a0ir atsakysime \u012f j\u016bs\u0173 u\u017eklaus\u0105 dar t\u0105 pa\u010di\u0105 dien\u0105.<\/p>","protected":false},"featured_media":34373,"comment_status":"open","ping_status":"closed","template":"","meta":[],"_links":{"self":[{"href":"https:\/\/hookahshop.lt\/et\/wp-json\/wp\/v2\/product\/34372"}],"collection":[{"href":"https:\/\/hookahshop.lt\/et\/wp-json\/wp\/v2\/product"}],"about":[{"href":"https:\/\/hookahshop.lt\/et\/wp-json\/wp\/v2\/types\/product"}],"replies":[{"embeddable":true,"href":"https:\/\/hookahshop.lt\/et\/wp-json\/wp\/v2\/comments?post=34372"}],"version-history":[{"count":4,"href":"https:\/\/hookahshop.lt\/et\/wp-json\/wp\/v2\/product\/34372\/revisions"}],"predecessor-version":[{"id":42984,"href":"https:\/\/hookahshop.lt\/et\/wp-json\/wp\/v2\/product\/34372\/revisions\/42984"}],"wp:featuredmedia":[{"embeddable":true,"href":"https:\/\/hookahshop.lt\/et\/wp-json\/wp\/v2\/media\/34373"}],"wp:attachment":[{"href":"https:\/\/hookahshop.lt\/et\/wp-json\/wp\/v2\/media?parent=34372"}],"curies":[{"name":"wp","href":"https:\/\/api.w.org\/{rel}","templated":true}]}}