{"id":34864,"date":"2022-12-17T14:51:11","date_gmt":"2022-12-17T12:51:11","guid":{"rendered":"https:\/\/hookahshop.lt\/?post_type=product&#038;p=34864"},"modified":"2026-04-22T23:29:51","modified_gmt":"2026-04-22T20:29:51","slug":"znyples-kaljano-anglims-alpha-hookah-wings","status":"publish","type":"product","link":"https:\/\/hookahshop.lt\/et\/toode\/nibud-vesipiip-susi-alfa-vesipiip-tiivad\/","title":{"rendered":"Tangid vesipiibu s\u00fcsiniku jaoks ALPHA HOOKAH Wings"},"content":{"rendered":"<h2>Tangid vesipiibu s\u00fcsiniku jaoks ALPHA HOOKAH Wings<\/h2>\n<p>Kullav\u00e4rvi tiivakuju kvaliteetse graveeringuga. Pintsetid on l\u00e4bipaistvas akr\u00fc\u00fclklaasist korpuses. See pole mitte ainult kasulik ja lahe aksessuaar, vaid ka suurep\u00e4rane kingitus!<\/p>\n<p><strong>Spetsifikatsioon:<\/strong><\/p>\n<p>V\u00e4rvus: kuldne<br \/>\nMaterjal: roostevaba teras<br \/>\nPikkus: 21,5 cm<\/p>\n<p>Kas teil on k\u00fcsimusi? v\u00f5ta meiega \u00fchendust\u00a0<a href=\"https:\/\/hookahshop.lt\/et\/kontaktid\/\">kontaktide leht<\/a>\u00a0v\u00f5i saatke meile e-kiri aadressil\u00a0<a href=\"https:\/\/facebook.com\/HookahShop.lt\/\" target=\"_blank\" rel=\"noopener\">Facebooki konto<\/a>\u00a0ja vastame teie taotlusele samal p\u00e4eval<\/p>","protected":false},"excerpt":{"rendered":"<p>Tangid vesipiibu s\u00f6e jaoks ALPHA HOOKAH Wings Kuldse tiiva kujuga kvaliteetse graveeringuga. Pintsetid tarnitakse l\u00e4bipaistvas akr\u00fc\u00fclklaasist korpuses. See pole mitte ainult kasulik ja lahe aksessuaar, vaid ka suurep\u00e4rane kingitus! Spetsifikatsioon: V\u00e4rv: Kuld Materjal: Roostevaba teras Pikkus: 21,5 cm Kas teil on k\u00fcsimusi? V\u00f5tke meiega \u00fchendust kontaktide lehel v\u00f5i kirjutage meile meie Facebooki kontol ja me vastame teie p\u00e4ringule [\u2026]<\/p>","protected":false},"featured_media":34872,"comment_status":"open","ping_status":"closed","template":"","meta":[],"_links":{"self":[{"href":"https:\/\/hookahshop.lt\/et\/wp-json\/wp\/v2\/product\/34864"}],"collection":[{"href":"https:\/\/hookahshop.lt\/et\/wp-json\/wp\/v2\/product"}],"about":[{"href":"https:\/\/hookahshop.lt\/et\/wp-json\/wp\/v2\/types\/product"}],"replies":[{"embeddable":true,"href":"https:\/\/hookahshop.lt\/et\/wp-json\/wp\/v2\/comments?post=34864"}],"version-history":[{"count":4,"href":"https:\/\/hookahshop.lt\/et\/wp-json\/wp\/v2\/product\/34864\/revisions"}],"predecessor-version":[{"id":34914,"href":"https:\/\/hookahshop.lt\/et\/wp-json\/wp\/v2\/product\/34864\/revisions\/34914"}],"wp:featuredmedia":[{"embeddable":true,"href":"https:\/\/hookahshop.lt\/et\/wp-json\/wp\/v2\/media\/34872"}],"wp:attachment":[{"href":"https:\/\/hookahshop.lt\/et\/wp-json\/wp\/v2\/media?parent=34864"}],"curies":[{"name":"wp","href":"https:\/\/api.w.org\/{rel}","templated":true}]}}