{"id":34882,"date":"2022-12-17T15:08:02","date_gmt":"2022-12-17T13:08:02","guid":{"rendered":"https:\/\/hookahshop.lt\/?post_type=product&#038;p=34882"},"modified":"2026-04-19T23:30:05","modified_gmt":"2026-04-19T20:30:05","slug":"individualus-kaljano-kandiklis-alpha-pipe","status":"publish","type":"product","link":"https:\/\/hookahshop.lt\/et\/toode\/kohandatud-vesipiibu-huulik-alfa-toru\/","title":{"rendered":"Individuaalne vesipiibu huulik ALPHA Pipe"},"content":{"rendered":"<h2><strong>Individuaalne vesipiibu huulik ALPHA Pipe<\/strong><\/h2>\n<p>H\u00fcgieeniline magnetkork hoiab \u00e4ra saastumise. Mugav kasutada, kompaktsel seadmel on kaelarihm. Valmistatud roostevabast terasest, silikoonist ja pol\u00fcatsetaalist.<\/p>\n<p><strong>Spetsifikatsioonid:<\/strong><\/p>\n<p>Pikkus: 7cm<br \/>\nK\u00f5rgus: 1,7 cm<br \/>\nL\u00e4bim\u00f5\u00f5t: 1,5 cm<\/p>\n<p>Kas teil on k\u00fcsimusi? v\u00f5ta meiega \u00fchendust\u00a0<a href=\"https:\/\/hookahshop.lt\/et\/kontaktid\/\">kontaktide leht<\/a>\u00a0v\u00f5i saatke meile e-kiri aadressil\u00a0<a href=\"https:\/\/facebook.com\/HookahShop.lt\/\" target=\"_blank\" rel=\"noopener\">Facebooki konto<\/a>\u00a0ja vastame teie taotlusele samal p\u00e4eval.<\/p>","protected":false},"excerpt":{"rendered":"<p>Individuaalne vesipiibu huulik ALPHA Pipe Hygienic, magnetiline kate hoiab \u00e4ra saastumise. Mugav kasutada, kompaktsel seadmel on kaelarihm. Valmistatud roostevabast terasest, silikoonist ja pol\u00fcatsetaalist. Tehnilised andmed: Pikkus: 7cm K\u00f5rgus: 1,7cm L\u00e4bim\u00f5\u00f5t: 1,5cm Kas on k\u00fcsimusi? V\u00f5tke meiega \u00fchendust kontaktide lehel v\u00f5i kirjutage meile meie Facebooki kontol ja vastame teie p\u00e4ringule samal p\u00e4eval.<\/p>","protected":false},"featured_media":34892,"comment_status":"open","ping_status":"closed","template":"","meta":[],"_links":{"self":[{"href":"https:\/\/hookahshop.lt\/et\/wp-json\/wp\/v2\/product\/34882"}],"collection":[{"href":"https:\/\/hookahshop.lt\/et\/wp-json\/wp\/v2\/product"}],"about":[{"href":"https:\/\/hookahshop.lt\/et\/wp-json\/wp\/v2\/types\/product"}],"replies":[{"embeddable":true,"href":"https:\/\/hookahshop.lt\/et\/wp-json\/wp\/v2\/comments?post=34882"}],"version-history":[{"count":3,"href":"https:\/\/hookahshop.lt\/et\/wp-json\/wp\/v2\/product\/34882\/revisions"}],"predecessor-version":[{"id":34918,"href":"https:\/\/hookahshop.lt\/et\/wp-json\/wp\/v2\/product\/34882\/revisions\/34918"}],"wp:featuredmedia":[{"embeddable":true,"href":"https:\/\/hookahshop.lt\/et\/wp-json\/wp\/v2\/media\/34892"}],"wp:attachment":[{"href":"https:\/\/hookahshop.lt\/et\/wp-json\/wp\/v2\/media?parent=34882"}],"curies":[{"name":"wp","href":"https:\/\/api.w.org\/{rel}","templated":true}]}}