{"id":34930,"date":"2022-12-20T14:17:12","date_gmt":"2022-12-20T12:17:12","guid":{"rendered":"https:\/\/hookahshop.lt\/?post_type=product&#038;p=34930"},"modified":"2026-04-06T23:29:29","modified_gmt":"2026-04-06T20:29:29","slug":"taurele-kaljanui-vortex-black","status":"publish","type":"product","link":"https:\/\/hookahshop.lt\/et\/toode\/tass-vesipiip-pooris-must\/","title":{"rendered":"Vesipiibu tass VORTEX Must"},"content":{"rendered":"<h2><strong>Vesipiibu tass VORTEX Must<\/strong><\/h2>\n<p>Tuntud oma ainulaadse v\u00e4limuse, viimistletud oskuse ja suure tugevuse poolest. Nagu k\u00f5igi Vortexi tasside puhul, on augud teljel, nii et saate kasutada rohkem melassiga tubakat, kartmata melassi sattumist varre.<\/p>\n<p><strong>Spetsifikatsioonid:<\/strong><br \/>\nT\u00fc\u00fcp: keeris<br \/>\nK\u00f5rgus: 8 cm<br \/>\nL\u00e4bim\u00f5\u00f5t: 8,5 cm<br \/>\nMaterjal: keraamika<\/p>\n<p>Kas teil on k\u00fcsimusi? v\u00f5ta meiega \u00fchendust <a href=\"https:\/\/hookahshop.lt\/et\/kontaktid\/\">kontaktide leht<\/a>\u00a0v\u00f5i saatke meile e-kiri aadressil\u00a0<a href=\"https:\/\/facebook.com\/HookahShop.lt\/\" target=\"_blank\" rel=\"noopener\">Facebooki konto<\/a>\u00a0ja vastame teie taotlusele samal p\u00e4eval.<\/p>","protected":false},"excerpt":{"rendered":"<p>Vesipiibutops VORTEX Black Tuntud oma ainulaadse v\u00e4limuse, viimistletud meisterlikkuse ja k\u00f5rge tugevuse poolest. Nagu k\u00f5igi Vortexi tasside puhul, on augud teljel, nii et saate kasutada rohkem melassiga tubakat, kartmata melassi sattumist varre. Tehnilised andmed: T\u00fc\u00fcp: keeris K\u00f5rgus: 8 cm L\u00e4bim\u00f5\u00f5t: 8,5 cm Materjal: keraamika Kas teil on k\u00fcsimusi? V\u00f5tke meiega \u00fchendust kontaktide lehel v\u00f5i kirjutage meile Facebookis [...]<\/p>","protected":false},"featured_media":34931,"comment_status":"open","ping_status":"closed","template":"","meta":[],"_links":{"self":[{"href":"https:\/\/hookahshop.lt\/et\/wp-json\/wp\/v2\/product\/34930"}],"collection":[{"href":"https:\/\/hookahshop.lt\/et\/wp-json\/wp\/v2\/product"}],"about":[{"href":"https:\/\/hookahshop.lt\/et\/wp-json\/wp\/v2\/types\/product"}],"replies":[{"embeddable":true,"href":"https:\/\/hookahshop.lt\/et\/wp-json\/wp\/v2\/comments?post=34930"}],"version-history":[{"count":2,"href":"https:\/\/hookahshop.lt\/et\/wp-json\/wp\/v2\/product\/34930\/revisions"}],"predecessor-version":[{"id":35077,"href":"https:\/\/hookahshop.lt\/et\/wp-json\/wp\/v2\/product\/34930\/revisions\/35077"}],"wp:featuredmedia":[{"embeddable":true,"href":"https:\/\/hookahshop.lt\/et\/wp-json\/wp\/v2\/media\/34931"}],"wp:attachment":[{"href":"https:\/\/hookahshop.lt\/et\/wp-json\/wp\/v2\/media?parent=34930"}],"curies":[{"name":"wp","href":"https:\/\/api.w.org\/{rel}","templated":true}]}}