{"id":34936,"date":"2022-12-20T14:27:00","date_gmt":"2022-12-20T12:27:00","guid":{"rendered":"https:\/\/hookahshop.lt\/?post_type=product&#038;p=34936"},"modified":"2026-04-15T23:29:28","modified_gmt":"2026-04-15T20:29:28","slug":"taurele-kaljanui-kaloud-samsaris-vitria-iii","status":"publish","type":"product","link":"https:\/\/hookahshop.lt\/et\/toode\/tass-vesipiip-kaloud-samsaris-vitria-iii\/","title":{"rendered":"Vesipiibu tass KALOUD Samsaris Vitria III"},"content":{"rendered":"<h2>Vesipiibu tass KALOUD Samsaris Vitria III<\/h2>\n<p>KALOUD on Ameerika br\u00e4nd, mis l\u00f5i vesipiibumaailma \u00fche kuulsaima leiutise - &quot;KALOUD LOTUS&quot; soojuskambrid. SAMSARIS VITRIA III LOTUS I+ ja LOTUS III jaoks. Tassil on erakordne disain ja kvaliteet. See on valmistatud mittetoksilisest silikoonist, mille on heaks kiitnud USA Toidu- ja Ravimiamet, muutes tassi kasutamise ohutuks. Silikoonist sisendisse mahub laboriklaasist tass, mis on eriti kuumuskindel. V\u00e4ga lihtne pakkida ja puhastada. Tass ei vaja t\u00e4iendavat tihendit, kuna see on valmistatud silikoonist ja p\u00fcsib vesipiibu peale asetades suurep\u00e4raselt.<\/p>\n<p><strong>Spetsifikatsioon:<\/strong><br \/>\nLiik: phunnel<br \/>\nK\u00f5rgus: 10,5 cm<br \/>\nL\u00e4bim\u00f5\u00f5t: 9,5 cm<br \/>\nMaterjal: silikoon, klaas<\/p>\n<p>Kas teil on k\u00fcsimusi? v\u00f5ta meiega \u00fchendust\u00a0<a href=\"https:\/\/hookahshop.lt\/et\/kontaktid\/\">kontaktide leht<\/a>\u00a0v\u00f5i saatke meile e-kiri aadressil\u00a0<a href=\"https:\/\/facebook.com\/HookahShop.lt\/\" target=\"_blank\" rel=\"noopener\">Facebooki konto<\/a>\u00a0ja vastame teie taotlusele samal p\u00e4eval.<\/p>","protected":false},"excerpt":{"rendered":"<p>Vesipiibu tass KALOUD Samsaris Vitria III KALOUD on Ameerika br\u00e4nd, mis l\u00f5i vesipiibumaailma \u00fche tuntuima leiutise - &quot;KALOUD LOTUS&quot; kuumakambrid. SAMSARIS VITRIA III LOTUS I+ ja LOTUS III jaoks. Tassil on erakordne disain ja kvaliteet. See on valmistatud mittetoksilisest silikoonist, mille on heaks kiitnud USA Toidu- ja Ravimiamet, muutes tassi kasutamise ohutuks. Et [\u2026]<\/p>","protected":false},"featured_media":34937,"comment_status":"open","ping_status":"closed","template":"","meta":[],"_links":{"self":[{"href":"https:\/\/hookahshop.lt\/et\/wp-json\/wp\/v2\/product\/34936"}],"collection":[{"href":"https:\/\/hookahshop.lt\/et\/wp-json\/wp\/v2\/product"}],"about":[{"href":"https:\/\/hookahshop.lt\/et\/wp-json\/wp\/v2\/types\/product"}],"replies":[{"embeddable":true,"href":"https:\/\/hookahshop.lt\/et\/wp-json\/wp\/v2\/comments?post=34936"}],"version-history":[{"count":4,"href":"https:\/\/hookahshop.lt\/et\/wp-json\/wp\/v2\/product\/34936\/revisions"}],"predecessor-version":[{"id":35030,"href":"https:\/\/hookahshop.lt\/et\/wp-json\/wp\/v2\/product\/34936\/revisions\/35030"}],"wp:featuredmedia":[{"embeddable":true,"href":"https:\/\/hookahshop.lt\/et\/wp-json\/wp\/v2\/media\/34937"}],"wp:attachment":[{"href":"https:\/\/hookahshop.lt\/et\/wp-json\/wp\/v2\/media?parent=34936"}],"curies":[{"name":"wp","href":"https:\/\/api.w.org\/{rel}","templated":true}]}}