{"id":34951,"date":"2022-12-20T14:39:50","date_gmt":"2022-12-20T12:39:50","guid":{"rendered":"https:\/\/hookahshop.lt\/?post_type=product&#038;p=34951"},"modified":"2026-04-15T23:29:28","modified_gmt":"2026-04-15T20:29:28","slug":"karscio-kamera-kaloud-lotus-iii-niris","status":"publish","type":"product","link":"https:\/\/hookahshop.lt\/et\/toode\/soojus-kaamera-kaloud-lootus-iii-niris\/","title":{"rendered":"Soojuskaamera KALOUD Lotus III Niris"},"content":{"rendered":"<h2><strong>Soojuskaamera KALOUD Lotus III Niris<\/strong><\/h2>\n<p>Patenteeritud kunstiteos, mis on valmistatud k\u00f5rgeima kvaliteediga materjalidest, kasutades tootmistehnoloogiat, mis on tavaliselt ette n\u00e4htud kosmose- ja meditsiinit\u00f6\u00f6stusele. V\u00e4rvi lisamiseks ei kasutata anodeerimist ega pulberv\u00e4rvimist, selle asemel kasutatakse patenteeritud mittetoksilist v\u00e4rvimistehnikat. Mahutavus (s\u00fcsinikusisaldus): kuni 2-3 \u00fchikut.<\/p>\n<p>- Oluliselt v\u00e4hem tuhka, suitsu puhtam ja intensiivsem.<sub><br \/>\n<\/sub>\u2013 Pole vaja alumiiniumfooliumi ega korstnat.<sub><br \/>\n<\/sub>\u2013 Pikendab suitsetamise aega.<sub><br \/>\n<\/sub>- S\u00fcsi tuleb t\u00f5lkida palju harvemini.<sub><br \/>\n<\/sub>- Parem soojusjuhtimine.<\/p>\n<p><strong>Spetsifikatsioon:<\/strong><br \/>\nK\u00f5rgus: 4,8 cm<br \/>\nL\u00e4bim\u00f5\u00f5t: 11 cm (pealmine koos k\u00e4epidemega)<br \/>\nL\u00e4bim\u00f5\u00f5t: 7,5 cm (alumine)<br \/>\nMaterjal: kvaliteetne alumiinium<br \/>\nV\u00e4rvus must<br \/>\nTootja: USA<\/p>\n<p>Kas teil on k\u00fcsimusi? v\u00f5ta meiega \u00fchendust\u00a0<a href=\"https:\/\/hookahshop.lt\/et\/kontaktid\/\">kontaktide leht<\/a>\u00a0v\u00f5i saatke meile e-kiri aadressil\u00a0<a href=\"https:\/\/facebook.com\/HookahShop.lt\/\" target=\"_blank\" rel=\"noopener\">Facebooki konto<\/a>\u00a0ja vastame teie taotlusele samal p\u00e4eval<\/p>","protected":false},"excerpt":{"rendered":"<p>Termokamber KALOUD Lotus III Niris Patenteeritud kunstiteos, mis on valmistatud k\u00f5rgeima kvaliteediga materjalidest, kasutades tootmistehnoloogiat, mis on tavaliselt ette n\u00e4htud kosmose- ja meditsiinit\u00f6\u00f6stusele. V\u00e4rvi lisamiseks ei kasutata anodeerimist ega pulberv\u00e4rvimist, selle asemel kasutatakse patenteeritud mittetoksilist v\u00e4rvimistehnikat. Mahutavus (s\u00fcsinikusisaldus): kuni 2-3 \u00fchikut. \u2013 Oluliselt v\u00e4hem tuhka, puhtam ja intensiivsem suits. - [\u2026]<\/p>","protected":false},"featured_media":34952,"comment_status":"open","ping_status":"closed","template":"","meta":[],"_links":{"self":[{"href":"https:\/\/hookahshop.lt\/et\/wp-json\/wp\/v2\/product\/34951"}],"collection":[{"href":"https:\/\/hookahshop.lt\/et\/wp-json\/wp\/v2\/product"}],"about":[{"href":"https:\/\/hookahshop.lt\/et\/wp-json\/wp\/v2\/types\/product"}],"replies":[{"embeddable":true,"href":"https:\/\/hookahshop.lt\/et\/wp-json\/wp\/v2\/comments?post=34951"}],"version-history":[{"count":4,"href":"https:\/\/hookahshop.lt\/et\/wp-json\/wp\/v2\/product\/34951\/revisions"}],"predecessor-version":[{"id":35032,"href":"https:\/\/hookahshop.lt\/et\/wp-json\/wp\/v2\/product\/34951\/revisions\/35032"}],"wp:featuredmedia":[{"embeddable":true,"href":"https:\/\/hookahshop.lt\/et\/wp-json\/wp\/v2\/media\/34952"}],"wp:attachment":[{"href":"https:\/\/hookahshop.lt\/et\/wp-json\/wp\/v2\/media?parent=34951"}],"curies":[{"name":"wp","href":"https:\/\/api.w.org\/{rel}","templated":true}]}}