{"id":34961,"date":"2022-12-20T14:46:20","date_gmt":"2022-12-20T12:46:20","guid":{"rendered":"https:\/\/hookahshop.lt\/?post_type=product&#038;p=34961"},"modified":"2026-04-17T16:33:38","modified_gmt":"2026-04-17T13:33:38","slug":"kaljanas-oduman-n2-travel-black","status":"publish","type":"product","link":"https:\/\/hookahshop.lt\/et\/toode\/vesipiibu-oduman-n2-reisi-must\/","title":{"rendered":"Vesipiip ODUMAN N2 Travel Black"},"content":{"rendered":"<h2><strong>Vesipiip ODUMAN N2 Travel Black<\/strong><\/h2>\n<p>See on vesipiip, mida saad k\u00f5ikjale kaasa v\u00f5tta ja mugavas keskkonnas suitsetada. Kott on veekindel. Esmaklassiline k\u00e4sitsi valmistatud klaas. K\u00f5ik osad on valmistatud roostevabast terasest. Huulik on valmistatud alumiiniumist. Sellel Oduman N2 Travelil on sisseehitatud difuusoriga v\u00f5ll, mis annab vesipiibule kerge t\u00f5mbe. ODUMAN on selle N2 Travel kolvi disaini targalt kohandanud, nii et mudeli stabiilsus on t\u00e4ielikult tagatud. Sellel v\u00f5luval mudelil on t\u00f5eliselt hingemattev kvaliteedisuhe!<\/p>\n<p><strong>Spetsifikatsioon:<\/strong><br \/>\nK\u00f5rgus: 20 cm<br \/>\nL\u00e4bim\u00f5\u00f5t: 12 cm<br \/>\nKolvi s\u00fcgavus: 14 cm<br \/>\nKaal: 1,7 kg.<br \/>\nMaterjal: roostevaba teras, alumiinium, klaas<br \/>\nP\u00e4ritoluriik: T\u00fcrgi<\/p>\n<p><strong>Varustus:<\/strong><br \/>\nVesipiibu vars, kolb, huulik, voolik, kott.<\/p>\n<p><img decoding=\"async\" loading=\"lazy\" class=\"alignnone size-medium wp-image-38520\" src=\"https:\/\/hookahshop.lt\/wp-content\/uploads\/2020\/09\/stiebas-kolba-zarna-kandiklis-1-300x273.jpg\" alt=\"- hookahshop.lt\" width=\"300\" height=\"273\" srcset=\"https:\/\/hookahshop.lt\/wp-content\/uploads\/2020\/09\/stiebas-kolba-zarna-kandiklis-1-300x273.jpg 300w, https:\/\/hookahshop.lt\/wp-content\/uploads\/2020\/09\/stiebas-kolba-zarna-kandiklis-1-13x12.jpg 13w, https:\/\/hookahshop.lt\/wp-content\/uploads\/2020\/09\/stiebas-kolba-zarna-kandiklis-1-64x58.jpg 64w, https:\/\/hookahshop.lt\/wp-content\/uploads\/2020\/09\/stiebas-kolba-zarna-kandiklis-1.jpg 420w\" sizes=\"(max-width: 300px) 100vw, 300px\" title=\"\"><\/p>\n<p>Kas teil on k\u00fcsimusi? v\u00f5ta meiega \u00fchendust\u00a0<a href=\"https:\/\/hookahshop.lt\/et\/kontaktid\/\">kontaktide leht<\/a>\u00a0v\u00f5i saatke meile e-kiri aadressil\u00a0<a href=\"https:\/\/facebook.com\/HookahShop.lt\/\" target=\"_blank\" rel=\"noopener\">Facebooki konto<\/a>\u00a0ja vastame teie taotlusele samal p\u00e4eval<\/p>","protected":false},"excerpt":{"rendered":"<p>Vesipiip ODUMAN N2 Travel Black See on vesipiip, mille v\u00f5id k\u00f5ikjale kaasa v\u00f5tta ja mugavas keskkonnas suitsetada. Kott on veekindel. Esmaklassiline k\u00e4sitsi valmistatud klaas. K\u00f5ik osad on valmistatud roostevabast terasest. Huulik on valmistatud alumiiniumist. Sellel Oduman N2 Travelil on sisseehitatud difuusoriga v\u00f5ll, mis annab vesipiibule kerge t\u00f5mbe. ODUMAN on seda \u201eN2 [\u2026]<\/p>","protected":false},"featured_media":34962,"comment_status":"open","ping_status":"closed","template":"","meta":[],"_links":{"self":[{"href":"https:\/\/hookahshop.lt\/et\/wp-json\/wp\/v2\/product\/34961"}],"collection":[{"href":"https:\/\/hookahshop.lt\/et\/wp-json\/wp\/v2\/product"}],"about":[{"href":"https:\/\/hookahshop.lt\/et\/wp-json\/wp\/v2\/types\/product"}],"replies":[{"embeddable":true,"href":"https:\/\/hookahshop.lt\/et\/wp-json\/wp\/v2\/comments?post=34961"}],"version-history":[{"count":4,"href":"https:\/\/hookahshop.lt\/et\/wp-json\/wp\/v2\/product\/34961\/revisions"}],"predecessor-version":[{"id":35033,"href":"https:\/\/hookahshop.lt\/et\/wp-json\/wp\/v2\/product\/34961\/revisions\/35033"}],"wp:featuredmedia":[{"embeddable":true,"href":"https:\/\/hookahshop.lt\/et\/wp-json\/wp\/v2\/media\/34962"}],"wp:attachment":[{"href":"https:\/\/hookahshop.lt\/et\/wp-json\/wp\/v2\/media?parent=34961"}],"curies":[{"name":"wp","href":"https:\/\/api.w.org\/{rel}","templated":true}]}}