{"id":34966,"date":"2022-12-20T14:52:22","date_gmt":"2022-12-20T12:52:22","guid":{"rendered":"https:\/\/hookahshop.lt\/?post_type=product&#038;p=34966"},"modified":"2026-04-22T23:29:51","modified_gmt":"2026-04-22T20:29:51","slug":"kaljanas-capsule-composite-carbon","status":"publish","type":"product","link":"https:\/\/hookahshop.lt\/et\/toode\/vesipiip-kapsel-komposiit-susinik\/","title":{"rendered":"Vesipiibu KAPSEL Komposiit s\u00fcsinik"},"content":{"rendered":"<h2><strong>Vesipiibu KAPSEL Komposiit s\u00fcsinik<\/strong><\/h2>\n<p><strong>\u00a0<\/strong>Sellel on ainulaadne futuristlik v\u00e4limus. Veoj\u00f5udu saab reguleerida p\u00f6\u00f6rleva hajuti abil.<\/p>\n<p><strong>Spetsifikatsioon:<\/strong><br \/>\nK\u00f5rgus: 52 cm<br \/>\nVooliku pistik: O-r\u00f5ngas<br \/>\nMaterjal: roostevaba teras, s\u00fcsinikkiud ja pol\u00fcatsetaal.<\/p>\n<p><strong>Varustus:<\/strong><br \/>\nVesipiibu vars, voolik, huulik, plaat.<\/p>\n<p>Kas teil on k\u00fcsimusi? v\u00f5ta meiega \u00fchendust\u00a0<a href=\"https:\/\/hookahshop.lt\/et\/kontaktid\/\">kontaktide leht<\/a>\u00a0v\u00f5i saatke meile e-kiri aadressil\u00a0<a href=\"https:\/\/facebook.com\/HookahShop.lt\/\" target=\"_blank\" rel=\"noopener\">Facebooki konto<\/a>\u00a0ja vastame teie taotlusele samal p\u00e4eval<\/p>","protected":false},"excerpt":{"rendered":"<p>Vesipiibu KAPSEL Komposiits\u00fcsinik Sellel on ainulaadne futuristlik v\u00e4limus. Veoj\u00f5udu saab reguleerida p\u00f6\u00f6rleva hajuti abil. Spetsifikatsioon: K\u00f5rgus: 52cm Voolikupistik: O-r\u00f5ngas Materjal: roostevaba teras, s\u00fcsinikkiud ja pol\u00fcatsetaal. T\u00e4ielik komplekt: vesipiibu vars, voolik, huulik, plaat. Kas teil on k\u00fcsimusi? V\u00f5tke meiega \u00fchendust kontaktide lehel v\u00f5i kirjutage meile meie Facebooki kontol ja vastame teie p\u00e4ringule samal p\u00e4eval<\/p>","protected":false},"featured_media":34967,"comment_status":"open","ping_status":"closed","template":"","meta":[],"_links":{"self":[{"href":"https:\/\/hookahshop.lt\/et\/wp-json\/wp\/v2\/product\/34966"}],"collection":[{"href":"https:\/\/hookahshop.lt\/et\/wp-json\/wp\/v2\/product"}],"about":[{"href":"https:\/\/hookahshop.lt\/et\/wp-json\/wp\/v2\/types\/product"}],"replies":[{"embeddable":true,"href":"https:\/\/hookahshop.lt\/et\/wp-json\/wp\/v2\/comments?post=34966"}],"version-history":[{"count":2,"href":"https:\/\/hookahshop.lt\/et\/wp-json\/wp\/v2\/product\/34966\/revisions"}],"predecessor-version":[{"id":35034,"href":"https:\/\/hookahshop.lt\/et\/wp-json\/wp\/v2\/product\/34966\/revisions\/35034"}],"wp:featuredmedia":[{"embeddable":true,"href":"https:\/\/hookahshop.lt\/et\/wp-json\/wp\/v2\/media\/34967"}],"wp:attachment":[{"href":"https:\/\/hookahshop.lt\/et\/wp-json\/wp\/v2\/media?parent=34966"}],"curies":[{"name":"wp","href":"https:\/\/api.w.org\/{rel}","templated":true}]}}