{"id":34975,"date":"2022-12-20T14:59:36","date_gmt":"2022-12-20T12:59:36","guid":{"rendered":"https:\/\/hookahshop.lt\/?post_type=product&#038;p=34975"},"modified":"2026-04-14T23:29:34","modified_gmt":"2026-04-14T20:29:34","slug":"kaljanas-xhookah-morph-2in1-black","status":"publish","type":"product","link":"https:\/\/hookahshop.lt\/et\/toode\/vesipiip-xhookah-morph-2in1-must\/","title":{"rendered":"Vesipiip XHOOKAH Morph 2in1 must"},"content":{"rendered":"<h2><strong>Vesipiip XHOOKAH Morph 2in1 must<\/strong><\/h2>\n<p>Kohaneb vastavalt vajadusele. Sobib kodu- ja reisikasutuseks. V\u00f5ite kasutada nii v\u00e4ikest vesipiipu kui ka suurt vesipiipu, pannes varrele lisapikendust. Muutes vesipiibu suurust ja kasutades erineva suurusega kolbe, naudid iga seanssi erinevalt.<\/p>\n<p><strong>Spetsifikatsioon:<\/strong><br \/>\nK\u00f5rgus: 39 cm (v\u00e4ike vesipiip)<br \/>\nK\u00f5rgus: 59 cm (suur vesipiip)<br \/>\nHajuti: kruvitav<br \/>\nMaterjal: roostevaba teras ja pol\u00fcatsetaal<br \/>\nP\u00e4ritoluriik: Saksamaa<\/p>\n<p><strong>Varustus: <\/strong><br \/>\nVesipiibu vars, v\u00f5lli pikendus, voolik, plaat, huulik, 2 kolbi.<\/p>\n<p>Kas teil on k\u00fcsimusi? v\u00f5ta meiega \u00fchendust\u00a0<a href=\"https:\/\/hookahshop.lt\/et\/kontaktid\/\">kontaktide leht<\/a>\u00a0v\u00f5i saatke meile e-kiri aadressil\u00a0<a href=\"https:\/\/facebook.com\/HookahShop.lt\/\" target=\"_blank\" rel=\"noopener\">Facebooki konto<\/a>\u00a0ja vastame teie taotlusele samal p\u00e4eval<\/p>","protected":false},"excerpt":{"rendered":"<p>Vesipiip XHOOKAH Morph 2in1 Black Kohandub vastavalt vajadusele. Sobib kodu- ja reisikasutuseks. V\u00f5ite kasutada nii v\u00e4ikest vesipiipu kui ka suurt vesipiipu, pannes varrele lisapikendust. Muutes vesipiibu suurust ja kasutades erineva suurusega kolbe, naudid iga seanssi erinevalt. Spetsifikatsioon: K\u00f5rgus: 39 cm (v\u00e4ike vesipiip) K\u00f5rgus: 59 cm (suur vesipiip) Hajuti: keeratav Materjal: roostevaba teras [...]<\/p>","protected":false},"featured_media":34976,"comment_status":"open","ping_status":"closed","template":"","meta":[],"_links":{"self":[{"href":"https:\/\/hookahshop.lt\/et\/wp-json\/wp\/v2\/product\/34975"}],"collection":[{"href":"https:\/\/hookahshop.lt\/et\/wp-json\/wp\/v2\/product"}],"about":[{"href":"https:\/\/hookahshop.lt\/et\/wp-json\/wp\/v2\/types\/product"}],"replies":[{"embeddable":true,"href":"https:\/\/hookahshop.lt\/et\/wp-json\/wp\/v2\/comments?post=34975"}],"version-history":[{"count":2,"href":"https:\/\/hookahshop.lt\/et\/wp-json\/wp\/v2\/product\/34975\/revisions"}],"predecessor-version":[{"id":35035,"href":"https:\/\/hookahshop.lt\/et\/wp-json\/wp\/v2\/product\/34975\/revisions\/35035"}],"wp:featuredmedia":[{"embeddable":true,"href":"https:\/\/hookahshop.lt\/et\/wp-json\/wp\/v2\/media\/34976"}],"wp:attachment":[{"href":"https:\/\/hookahshop.lt\/et\/wp-json\/wp\/v2\/media?parent=34975"}],"curies":[{"name":"wp","href":"https:\/\/api.w.org\/{rel}","templated":true}]}}