{"id":34988,"date":"2022-12-20T15:12:11","date_gmt":"2022-12-20T13:12:11","guid":{"rendered":"https:\/\/hookahshop.lt\/?post_type=product&#038;p=34988"},"modified":"2026-04-17T23:29:51","modified_gmt":"2026-04-17T20:29:51","slug":"kaljanas-wd-hookah-p3-black","status":"publish","type":"product","link":"https:\/\/hookahshop.lt\/et\/toode\/hookah-wd-vesipiibu-p3-must\/","title":{"rendered":"Vesipiip WD HOOKAH P3 must"},"content":{"rendered":"<h2><strong>Vesipiip WD HOOKAH P3 must<\/strong><\/h2>\n<p>V\u00e4ga tugevatest materjalidest kvaliteetne mudel. Kogu vesipiibu vars on valmistatud V2A roostevabast terasest, kaetud pol\u00fcatsetaaliga, termoplastiga, mis on v\u00e4ga kulumiskindel. Selle vesipiibu \u00fcheks erip\u00e4raks on v\u00f5lli integreeritud puhastuss\u00fcsteem, mis v\u00f5imaldab suitsul v\u00e4ljuda l\u00e4bi 4 v\u00e4ikese augu. Alus kinnitatakse aluse k\u00fclge tihenduss\u00fcsteemi abil. See on varustatud eemaldatava difuusoriga, et muuta vesipiibu t\u00f5mbamist.<\/p>\n<p><strong>Spetsifikatsioon:<\/strong><br \/>\nK\u00f5rgus: 56 cm<br \/>\nMaterjal: roostevaba teras, pol\u00fcatsetaal<\/p>\n<p><strong>Varustus:<\/strong><br \/>\nVesipiibu v\u00f5ll, plaat<\/p>\n<p>Kas teil on k\u00fcsimusi? v\u00f5ta meiega \u00fchendust\u00a0<a href=\"https:\/\/hookahshop.lt\/et\/kontaktid\/\">kontaktide leht<\/a>\u00a0v\u00f5i saatke meile e-kiri aadressil\u00a0<a href=\"https:\/\/facebook.com\/HookahShop.lt\/\" target=\"_blank\" rel=\"noopener\">Facebooki konto<\/a>\u00a0ja vastame teie taotlusele samal p\u00e4eval<\/p>","protected":false},"excerpt":{"rendered":"<p>Vesipiip WD HOOKAH P3 Must Kvaliteetne \u00fclitugevatest materjalidest valmistatud mudel. Vesipiibu kogu vars on valmistatud V2A roostevabast terasest, kaetud pol\u00fcatsetaaliga, termoplastiga, mis on v\u00e4ga kulumiskindel. Selle vesipiibu \u00fcheks erip\u00e4raks on v\u00f5lli integreeritud puhastuss\u00fcsteem, mis v\u00f5imaldab suitsul v\u00e4ljuda l\u00e4bi 4 v\u00e4ikese augu. Alus kinnitatakse aluse k\u00fclge tihenduss\u00fcsteemi abil. See [\u2026]<\/p>","protected":false},"featured_media":34989,"comment_status":"open","ping_status":"closed","template":"","meta":[],"_links":{"self":[{"href":"https:\/\/hookahshop.lt\/et\/wp-json\/wp\/v2\/product\/34988"}],"collection":[{"href":"https:\/\/hookahshop.lt\/et\/wp-json\/wp\/v2\/product"}],"about":[{"href":"https:\/\/hookahshop.lt\/et\/wp-json\/wp\/v2\/types\/product"}],"replies":[{"embeddable":true,"href":"https:\/\/hookahshop.lt\/et\/wp-json\/wp\/v2\/comments?post=34988"}],"version-history":[{"count":4,"href":"https:\/\/hookahshop.lt\/et\/wp-json\/wp\/v2\/product\/34988\/revisions"}],"predecessor-version":[{"id":35454,"href":"https:\/\/hookahshop.lt\/et\/wp-json\/wp\/v2\/product\/34988\/revisions\/35454"}],"wp:featuredmedia":[{"embeddable":true,"href":"https:\/\/hookahshop.lt\/et\/wp-json\/wp\/v2\/media\/34989"}],"wp:attachment":[{"href":"https:\/\/hookahshop.lt\/et\/wp-json\/wp\/v2\/media?parent=34988"}],"curies":[{"name":"wp","href":"https:\/\/api.w.org\/{rel}","templated":true}]}}