{"id":34997,"date":"2022-12-20T15:25:55","date_gmt":"2022-12-20T13:25:55","guid":{"rendered":"https:\/\/hookahshop.lt\/?post_type=product&#038;p=34997"},"modified":"2026-05-14T23:29:49","modified_gmt":"2026-05-14T20:29:49","slug":"skyliu-pramustuvas-black","status":"publish","type":"product","link":"https:\/\/hookahshop.lt\/et\/toode\/augustaja-must\/","title":{"rendered":"Hole Punch Must"},"content":{"rendered":"<h2><strong>Hole Punch Must<\/strong><\/h2>\n<p>M\u00f5eldud kasutamiseks vesipiibusegu pakkimiseks ja aukude tegemiseks fooliumisse.<\/p>\n<p><strong>Spetsifikatsioon:<\/strong><br \/>\nV\u00e4rvus must<\/p>\n<p>Kas teil on k\u00fcsimusi? v\u00f5ta meiega \u00fchendust\u00a0<a href=\"https:\/\/hookahshop.lt\/et\/kontaktid\/\">kontaktide leht<\/a>\u00a0v\u00f5i saatke meile e-kiri aadressil\u00a0<a href=\"https:\/\/facebook.com\/HookahShop.lt\/\" target=\"_blank\" rel=\"noopener\">Facebooki konto<\/a>\u00a0ja vastame teie taotlusele samal p\u00e4eval<\/p>","protected":false},"excerpt":{"rendered":"<p>Hole augustaja Must M\u00f5eldud vesipiibusegu pakkimiseks ja aukude augutamiseks fooliumisse. Spetsifikatsioon: V\u00e4rv: must Kas teil on k\u00fcsimusi? V\u00f5tke meiega \u00fchendust kontaktide lehel v\u00f5i kirjutage meile meie Facebooki kontol ja vastame teie p\u00e4ringule samal p\u00e4eval<\/p>","protected":false},"featured_media":34998,"comment_status":"open","ping_status":"closed","template":"","meta":[],"_links":{"self":[{"href":"https:\/\/hookahshop.lt\/et\/wp-json\/wp\/v2\/product\/34997"}],"collection":[{"href":"https:\/\/hookahshop.lt\/et\/wp-json\/wp\/v2\/product"}],"about":[{"href":"https:\/\/hookahshop.lt\/et\/wp-json\/wp\/v2\/types\/product"}],"replies":[{"embeddable":true,"href":"https:\/\/hookahshop.lt\/et\/wp-json\/wp\/v2\/comments?post=34997"}],"version-history":[{"count":3,"href":"https:\/\/hookahshop.lt\/et\/wp-json\/wp\/v2\/product\/34997\/revisions"}],"predecessor-version":[{"id":35073,"href":"https:\/\/hookahshop.lt\/et\/wp-json\/wp\/v2\/product\/34997\/revisions\/35073"}],"wp:featuredmedia":[{"embeddable":true,"href":"https:\/\/hookahshop.lt\/et\/wp-json\/wp\/v2\/media\/34998"}],"wp:attachment":[{"href":"https:\/\/hookahshop.lt\/et\/wp-json\/wp\/v2\/media?parent=34997"}],"curies":[{"name":"wp","href":"https:\/\/api.w.org\/{rel}","templated":true}]}}