{"id":35010,"date":"2022-12-20T15:31:40","date_gmt":"2022-12-20T13:31:40","guid":{"rendered":"https:\/\/hookahshop.lt\/?post_type=product&#038;p=35010"},"modified":"2026-04-14T23:29:34","modified_gmt":"2026-04-14T20:29:34","slug":"kaljano-stovas-320-red","status":"publish","type":"product","link":"https:\/\/hookahshop.lt\/et\/toode\/hookah-stand-320-ed\/","title":{"rendered":"Vesipiibu alus 320 Ed"},"content":{"rendered":"<h2><strong>Vesipiibu alus 320 Ed<\/strong><\/h2>\n<p>PVC alus kaitseb ja stabiliseerib vesipiipu, andes sellele p\u00f5randale v\u00f5i lauale lisatuge.<\/p>\n<p><strong>Spetsifikatsioon:<\/strong><br \/>\nL\u00e4bim\u00f5\u00f5t: 23 cm<br \/>\nV\u00e4rv: punane<\/p>\n<p>Kas teil on k\u00fcsimusi? v\u00f5ta meiega \u00fchendust\u00a0<a href=\"https:\/\/hookahshop.lt\/et\/kontaktid\/\">kontaktide leht<\/a>\u00a0v\u00f5i saatke meile e-kiri aadressil\u00a0<a href=\"https:\/\/facebook.com\/HookahShop.lt\/\" target=\"_blank\" rel=\"noopener\">Facebooki konto<\/a>\u00a0ja vastame teie taotlusele samal p\u00e4eval<\/p>","protected":false},"excerpt":{"rendered":"<p>Vesipiibu alus 320 Red PVC alus kaitseb ja stabiliseerib vesipiipu, andes sellele t\u00e4iendava toe p\u00f5randale v\u00f5i lauale. Spetsifikatsioon: l\u00e4bim\u00f5\u00f5t: 23 cm V\u00e4rv: punane Kas teil on k\u00fcsimusi? V\u00f5tke meiega \u00fchendust kontaktide lehel v\u00f5i kirjutage meile meie Facebooki kontol ja vastame teie p\u00e4ringule samal p\u00e4eval<\/p>","protected":false},"featured_media":35011,"comment_status":"open","ping_status":"closed","template":"","meta":[],"_links":{"self":[{"href":"https:\/\/hookahshop.lt\/et\/wp-json\/wp\/v2\/product\/35010"}],"collection":[{"href":"https:\/\/hookahshop.lt\/et\/wp-json\/wp\/v2\/product"}],"about":[{"href":"https:\/\/hookahshop.lt\/et\/wp-json\/wp\/v2\/types\/product"}],"replies":[{"embeddable":true,"href":"https:\/\/hookahshop.lt\/et\/wp-json\/wp\/v2\/comments?post=35010"}],"version-history":[{"count":3,"href":"https:\/\/hookahshop.lt\/et\/wp-json\/wp\/v2\/product\/35010\/revisions"}],"predecessor-version":[{"id":35072,"href":"https:\/\/hookahshop.lt\/et\/wp-json\/wp\/v2\/product\/35010\/revisions\/35072"}],"wp:featuredmedia":[{"embeddable":true,"href":"https:\/\/hookahshop.lt\/et\/wp-json\/wp\/v2\/media\/35011"}],"wp:attachment":[{"href":"https:\/\/hookahshop.lt\/et\/wp-json\/wp\/v2\/media?parent=35010"}],"curies":[{"name":"wp","href":"https:\/\/api.w.org\/{rel}","templated":true}]}}