{"id":35015,"date":"2022-12-20T15:36:41","date_gmt":"2022-12-20T13:36:41","guid":{"rendered":"https:\/\/hookahshop.lt\/?post_type=product&#038;p=35015"},"modified":"2026-04-19T23:30:05","modified_gmt":"2026-04-19T20:30:05","slug":"apsauginis-sietelis-kaljanui-320-l-black","status":"publish","type":"product","link":"https:\/\/hookahshop.lt\/et\/toode\/kaitsev-soel-piibu-320-l-must\/","title":{"rendered":"Vesipiibu kaitses\u00f5el 320 L Must"},"content":{"rendered":"<h2><strong>Kaitsev s\u00f5el vesipiibu 320 jaoks<\/strong><strong>\u00a0L Must<\/strong><\/h2>\n<p>Takistab s\u00f6e plaadist v\u00e4ljakukkumist, erinevalt kaanest lastakse s\u00f6el vaba \u00f5hku, mist\u00f5ttu temperatuur topsis ei t\u00f5use.<\/p>\n<p><strong>Spetsifikatsioon:<\/strong><\/p>\n<p>K\u00f5rgus: 24 cm<br \/>\nL\u00e4bim\u00f5\u00f5t: 11 cm<br \/>\nV\u00e4rvus must<\/p>\n<p>Kas teil on k\u00fcsimusi? v\u00f5ta meiega \u00fchendust\u00a0<a href=\"https:\/\/hookahshop.lt\/et\/kontaktid\/\">kontaktide leht<\/a>\u00a0v\u00f5i saatke meile e-kiri aadressil\u00a0<a href=\"https:\/\/facebook.com\/HookahShop.lt\/\" target=\"_blank\" rel=\"noopener\">Facebooki konto<\/a>\u00a0ja vastame teie taotlusele samal p\u00e4eval<\/p>","protected":false},"excerpt":{"rendered":"<p>Vesipiibu kaitses\u00f5el 320 L Must Ei lase kivis\u00f6el taldrikust v\u00e4lja kukkuda, erinevalt kattest annab s\u00fcsi vaba \u00f5hku, mist\u00f5ttu temperatuur topsis ei t\u00f5use. Spetsifikatsioon: K\u00f5rgus: 24 cm L\u00e4bim\u00f5\u00f5t: 11 cm V\u00e4rvus: Must Kas teil on k\u00fcsimusi? V\u00f5tke meiega \u00fchendust kontaktide lehel v\u00f5i kirjutage meile meie Facebooki kontol ja vastame teie p\u00e4ringule samal p\u00e4eval<\/p>","protected":false},"featured_media":35016,"comment_status":"open","ping_status":"closed","template":"","meta":[],"_links":{"self":[{"href":"https:\/\/hookahshop.lt\/et\/wp-json\/wp\/v2\/product\/35015"}],"collection":[{"href":"https:\/\/hookahshop.lt\/et\/wp-json\/wp\/v2\/product"}],"about":[{"href":"https:\/\/hookahshop.lt\/et\/wp-json\/wp\/v2\/types\/product"}],"replies":[{"embeddable":true,"href":"https:\/\/hookahshop.lt\/et\/wp-json\/wp\/v2\/comments?post=35015"}],"version-history":[{"count":3,"href":"https:\/\/hookahshop.lt\/et\/wp-json\/wp\/v2\/product\/35015\/revisions"}],"predecessor-version":[{"id":35071,"href":"https:\/\/hookahshop.lt\/et\/wp-json\/wp\/v2\/product\/35015\/revisions\/35071"}],"wp:featuredmedia":[{"embeddable":true,"href":"https:\/\/hookahshop.lt\/et\/wp-json\/wp\/v2\/media\/35016"}],"wp:attachment":[{"href":"https:\/\/hookahshop.lt\/et\/wp-json\/wp\/v2\/media?parent=35015"}],"curies":[{"name":"wp","href":"https:\/\/api.w.org\/{rel}","templated":true}]}}