{"id":35020,"date":"2022-12-20T15:41:25","date_gmt":"2022-12-20T13:41:25","guid":{"rendered":"https:\/\/hookahshop.lt\/?post_type=product&#038;p=35020"},"modified":"2026-04-19T23:30:07","modified_gmt":"2026-04-19T20:30:07","slug":"kaljano-priedu-ir-valymo-rinkinys-320","status":"publish","type":"product","link":"https:\/\/hookahshop.lt\/et\/toode\/vesipiibu-tarvikud-ja-puhastuskomplekt-320\/","title":{"rendered":"Vesipiibu tarvikud ja puhastuskomplekt 320"},"content":{"rendered":"<h2><strong>Vesipiibu tarvikud ja puhastuskomplekt 320<\/strong><\/h2>\n<p>M\u00f5eldud mitte ainult reisidele kaasa v\u00f5tmiseks, vaid ka mugavaks kodus hoidmiseks. Komplektis on tarvikud, mis on vajalikud vesipiibu ettevalmistamiseks ja hooldamiseks.<\/p>\n<p><strong>Varustus:<\/strong><\/p>\n<ul>\n<li>L\u00fchike pintsel vesipiibu varre jaoks<\/li>\n<li>Pikk pintsel vesipiibu varre jaoks<\/li>\n<li>Pintsel vesipiibu kolvi jaoks<\/li>\n<li>S\u00f6etangid<\/li>\n<li>Kahvel vesipiibusegu jaoks<\/li>\n<li>Fooliumi augustaja<\/li>\n<li>M\u00e4ngukaardid<\/li>\n<li>Juhtum<\/li>\n<\/ul>\n<p>Kas teil on k\u00fcsimusi? v\u00f5ta meiega \u00fchendust\u00a0<a href=\"https:\/\/hookahshop.lt\/et\/kontaktid\/\">kontaktide leht<\/a>\u00a0v\u00f5i saatke meile e-kiri aadressil\u00a0<a href=\"https:\/\/facebook.com\/HookahShop.lt\/\" target=\"_blank\" rel=\"noopener\">Facebooki konto<\/a>\u00a0ja vastame teie taotlusele samal p\u00e4eval<\/p>","protected":false},"excerpt":{"rendered":"<p>Vesipiibu tarvikud ja puhastuskomplekt 320 M\u00f5eldud mitte ainult reisidele kaasa v\u00f5tmiseks, vaid ka mugavaks kodus hoidmiseks. Komplektis on tarvikud, mis on vajalikud vesipiibu ettevalmistamiseks ja hooldamiseks. Komplekt: L\u00fchike pintsel vesipiibu varre jaoks Pikk hari vesipiibu varre jaoks Pintsel vesipiibu kolvi jaoks Tangid s\u00f6e jaoks Kahvel vesipiibusegu jaoks Fooliumi augustaja M\u00e4ngukaardid Juhtum Kas teil on k\u00fcsimusi? V\u00f5tke meiega \u00fchendust meie kontakti kaudu [\u2026]<\/p>","protected":false},"featured_media":35022,"comment_status":"open","ping_status":"closed","template":"","meta":[],"_links":{"self":[{"href":"https:\/\/hookahshop.lt\/et\/wp-json\/wp\/v2\/product\/35020"}],"collection":[{"href":"https:\/\/hookahshop.lt\/et\/wp-json\/wp\/v2\/product"}],"about":[{"href":"https:\/\/hookahshop.lt\/et\/wp-json\/wp\/v2\/types\/product"}],"replies":[{"embeddable":true,"href":"https:\/\/hookahshop.lt\/et\/wp-json\/wp\/v2\/comments?post=35020"}],"version-history":[{"count":4,"href":"https:\/\/hookahshop.lt\/et\/wp-json\/wp\/v2\/product\/35020\/revisions"}],"predecessor-version":[{"id":35868,"href":"https:\/\/hookahshop.lt\/et\/wp-json\/wp\/v2\/product\/35020\/revisions\/35868"}],"wp:featuredmedia":[{"embeddable":true,"href":"https:\/\/hookahshop.lt\/et\/wp-json\/wp\/v2\/media\/35022"}],"wp:attachment":[{"href":"https:\/\/hookahshop.lt\/et\/wp-json\/wp\/v2\/media?parent=35020"}],"curies":[{"name":"wp","href":"https:\/\/api.w.org\/{rel}","templated":true}]}}