{"id":35189,"date":"2023-01-14T15:37:33","date_gmt":"2023-01-14T13:37:33","guid":{"rendered":"https:\/\/hookahshop.lt\/?post_type=product&#038;p=35189"},"modified":"2026-04-27T23:29:48","modified_gmt":"2026-04-27T20:29:48","slug":"kaljanas-izzy-carbon-black-gold","status":"publish","type":"product","link":"https:\/\/hookahshop.lt\/et\/toode\/vesipiip-izzy-susinik-must-kuld\/","title":{"rendered":"Vesipiip IZZY s\u00fcsinikmust kuld"},"content":{"rendered":"<h2>Vesipiip IZZY s\u00fcsinikmust kuld<\/h2>\n<p>Teenisid oma lemmikud T\u0161ehhi turul. Kogu vesipiibu vars on valmistatud V2A roostevabast terasest ning sellel on kvaliteetne ja v\u00e4ga vastupidav plastikust s\u00fcsinikkiust disainiga eemaldatav viimistlus. Vooliku\u00fchendus on tehtud O-r\u00f5ngaste s\u00fcsteemiga, mis on m\u00f5eldud turvaliseks kinnitamiseks. Sellel on v\u00e4ga lihtsalt eemaldatav hajuti, millega saab vesipiibu t\u00f5mmet muuta.<\/p>\n<p><strong>Spetsifikatsioon:<\/strong><br \/>\nK\u00f5rgus: 48 cm<br \/>\nV\u00e4rv: must, kuldne<br \/>\nMaterjalid: roostevaba teras, kvaliteetne plastik<\/p>\n<p><strong>Varustus:<\/strong><br \/>\nVesipiibu v\u00f5ll, difuusor, plaat, huulik, vahet\u00fckid<\/p>\n<p>Kas teil on k\u00fcsimusi? v\u00f5ta meiega \u00fchendust\u00a0<a href=\"https:\/\/hookahshop.lt\/et\/kontaktid\/\">kontaktide leht<\/a>\u00a0v\u00f5i saatke meile e-kiri aadressil\u00a0<a href=\"https:\/\/facebook.com\/HookahShop.lt\/\" target=\"_blank\" rel=\"noopener\">Facebooki konto<\/a>\u00a0ja vastame teie taotlusele samal p\u00e4eval<\/p>","protected":false},"excerpt":{"rendered":"<p>Vesipiip IZZY Carbon Black Gold teenis oma lemmikud T\u0161ehhi turul. Kogu vesipiibu vars on valmistatud V2A roostevabast terasest ning sellel on kvaliteetne ja v\u00e4ga vastupidav plastikust s\u00fcsinikkiust disainiga eemaldatav viimistlus. Vooliku\u00fchendus on tehtud O-r\u00f5ngaste s\u00fcsteemiga, mis on m\u00f5eldud turvaliseks kinnitamiseks. Sellel on v\u00e4ga lihtsalt eemaldatav hajuti, millega saab vesipiibu t\u00f5mmet muuta. Spetsifikatsioon: K\u00f5rgus: 48 [\u2026]<\/p>","protected":false},"featured_media":35190,"comment_status":"open","ping_status":"closed","template":"","meta":[],"_links":{"self":[{"href":"https:\/\/hookahshop.lt\/et\/wp-json\/wp\/v2\/product\/35189"}],"collection":[{"href":"https:\/\/hookahshop.lt\/et\/wp-json\/wp\/v2\/product"}],"about":[{"href":"https:\/\/hookahshop.lt\/et\/wp-json\/wp\/v2\/types\/product"}],"replies":[{"embeddable":true,"href":"https:\/\/hookahshop.lt\/et\/wp-json\/wp\/v2\/comments?post=35189"}],"version-history":[{"count":5,"href":"https:\/\/hookahshop.lt\/et\/wp-json\/wp\/v2\/product\/35189\/revisions"}],"predecessor-version":[{"id":35241,"href":"https:\/\/hookahshop.lt\/et\/wp-json\/wp\/v2\/product\/35189\/revisions\/35241"}],"wp:featuredmedia":[{"embeddable":true,"href":"https:\/\/hookahshop.lt\/et\/wp-json\/wp\/v2\/media\/35190"}],"wp:attachment":[{"href":"https:\/\/hookahshop.lt\/et\/wp-json\/wp\/v2\/media?parent=35189"}],"curies":[{"name":"wp","href":"https:\/\/api.w.org\/{rel}","templated":true}]}}