{"id":35195,"date":"2023-01-14T15:41:52","date_gmt":"2023-01-14T13:41:52","guid":{"rendered":"https:\/\/hookahshop.lt\/?post_type=product&#038;p=35195"},"modified":"2026-04-17T23:29:51","modified_gmt":"2026-04-17T20:29:51","slug":"taurele-kaljanui-werkbund-gelato-killer","status":"publish","type":"product","link":"https:\/\/hookahshop.lt\/et\/toode\/klaas-vesipiibu-werkbund-gelato-killer\/","title":{"rendered":"Vesipiibu tass WERKBUND Gelato Killer"},"content":{"rendered":"<h2>Vesipiibu tass WERKBUND Gelato Killer<\/h2>\n<p>Valmistatud j\u00e4\u00e4tisekujulise disainiga, kvaliteetsest savist ja glasuuritud pealispinnaga. See kauss sobib h\u00e4sti iga br\u00e4ndi vesipiibutoodetega ja sobib suurep\u00e4raselt \u00fcksikuteks seanssideks. See tass hoiab h\u00e4sti soojust, mist\u00f5ttu on see ideaalne pikkadeks seanssideks. Tass sobib suurep\u00e4raselt suitsetamiseks v\u00e4ikeses, kuni 4-liikmelises seltskonnas. Tassile lisatakse vahet\u00fckk.<br \/>\nVesipiibu segu maht: 15-20 g.<\/p>\n<p><strong>Spetsifikatsioonid:<\/strong><br \/>\nT\u00fc\u00fcp: tapja<br \/>\nK\u00f5rgus: 8,5 cm<br \/>\nL\u00e4bim\u00f5\u00f5t (v\u00e4limine): 7,3 cm<br \/>\nL\u00e4bim\u00f5\u00f5t (sisemine): 6,2 cm<br \/>\nAukude arv: 5<br \/>\nKaal: ~ 185 g.<\/p>\n<p><strong>\u00a0<\/strong>Kas teil on k\u00fcsimusi? v\u00f5ta meiega \u00fchendust\u00a0<a href=\"https:\/\/hookahshop.lt\/et\/kontaktid\/\">kontaktide leht<\/a>\u00a0v\u00f5i saatke meile e-kiri aadressil\u00a0<a href=\"https:\/\/facebook.com\/HookahShop.lt\/\" target=\"_blank\" rel=\"noopener\">Facebooki konto<\/a>\u00a0ja vastame teie taotlusele samal p\u00e4eval<\/p>","protected":false},"excerpt":{"rendered":"<p>Vesipiibu tass WERKBUND Gelato Killer J\u00e4\u00e4tisekujulise disainiga, kvaliteetsest savist glasuuritud pealispinnaga. See kauss sobib h\u00e4sti iga br\u00e4ndi vesipiibutoodetega ja sobib suurep\u00e4raselt \u00fcksikuteks seanssideks. See tass hoiab h\u00e4sti soojust, mist\u00f5ttu on see ideaalne pikkadeks seanssideks. Tass sobib suurep\u00e4raselt suitsetamiseks v\u00e4ikeses, kuni 4-liikmelises seltskonnas. Tassile lisatakse vahet\u00fckk. [\u2026]<\/p>","protected":false},"featured_media":35196,"comment_status":"open","ping_status":"closed","template":"","meta":[],"_links":{"self":[{"href":"https:\/\/hookahshop.lt\/et\/wp-json\/wp\/v2\/product\/35195"}],"collection":[{"href":"https:\/\/hookahshop.lt\/et\/wp-json\/wp\/v2\/product"}],"about":[{"href":"https:\/\/hookahshop.lt\/et\/wp-json\/wp\/v2\/types\/product"}],"replies":[{"embeddable":true,"href":"https:\/\/hookahshop.lt\/et\/wp-json\/wp\/v2\/comments?post=35195"}],"version-history":[{"count":3,"href":"https:\/\/hookahshop.lt\/et\/wp-json\/wp\/v2\/product\/35195\/revisions"}],"predecessor-version":[{"id":35276,"href":"https:\/\/hookahshop.lt\/et\/wp-json\/wp\/v2\/product\/35195\/revisions\/35276"}],"wp:featuredmedia":[{"embeddable":true,"href":"https:\/\/hookahshop.lt\/et\/wp-json\/wp\/v2\/media\/35196"}],"wp:attachment":[{"href":"https:\/\/hookahshop.lt\/et\/wp-json\/wp\/v2\/media?parent=35195"}],"curies":[{"name":"wp","href":"https:\/\/api.w.org\/{rel}","templated":true}]}}