{"id":35200,"date":"2023-01-14T15:45:34","date_gmt":"2023-01-14T13:45:34","guid":{"rendered":"https:\/\/hookahshop.lt\/?post_type=product&#038;p=35200"},"modified":"2026-04-17T23:29:51","modified_gmt":"2026-04-17T20:29:51","slug":"magnetas-blade-kaljanui","status":"publish","type":"product","link":"https:\/\/hookahshop.lt\/et\/toode\/magnet-tera-piibu-jaoks\/","title":{"rendered":"Magnet BLADE vesipiibu jaoks"},"content":{"rendered":"<h2>Magnet BLADE vesipiibu jaoks<\/h2>\n<p>Asendusmagnet &quot;Blade Hookah&quot; vesipiibu jaoks. Magnet asetatakse vooliku\u00fchendusele.<\/p>\n<p><strong>Spetsifikatsioonid:<\/strong><br \/>\nV\u00e4lisl\u00e4bim\u00f5\u00f5t: 14 mm<sub><br \/>\n<\/sub>Kaal: ~ 10 g.<\/p>\n<p>Kas teil on k\u00fcsimusi? v\u00f5ta meiega \u00fchendust\u00a0<a href=\"https:\/\/hookahshop.lt\/et\/kontaktid\/\">kontaktide leht<\/a>\u00a0v\u00f5i saatke meile e-kiri aadressil\u00a0<a href=\"https:\/\/facebook.com\/HookahShop.lt\/\" target=\"_blank\" rel=\"noopener\">Facebooki konto<\/a>\u00a0ja vastame teie taotlusele samal p\u00e4eval<\/p>","protected":false},"excerpt":{"rendered":"<p>Magnet vesipiibu jaoks BLADE Vahetatav magnet vesipiibu jaoks &quot;Blade Hookah&quot;. Magnet asetatakse vooliku\u00fchendusele. Tehnilised andmed: V\u00e4lisl\u00e4bim\u00f5\u00f5t: 14 mm Kaal: ~ 10 g. Kas teil on k\u00fcsimusi? V\u00f5tke meiega \u00fchendust kontaktide lehel v\u00f5i kirjutage meile meie Facebooki kontol ja vastame teie p\u00e4ringule samal p\u00e4eval<\/p>","protected":false},"featured_media":35201,"comment_status":"open","ping_status":"closed","template":"","meta":[],"_links":{"self":[{"href":"https:\/\/hookahshop.lt\/et\/wp-json\/wp\/v2\/product\/35200"}],"collection":[{"href":"https:\/\/hookahshop.lt\/et\/wp-json\/wp\/v2\/product"}],"about":[{"href":"https:\/\/hookahshop.lt\/et\/wp-json\/wp\/v2\/types\/product"}],"replies":[{"embeddable":true,"href":"https:\/\/hookahshop.lt\/et\/wp-json\/wp\/v2\/comments?post=35200"}],"version-history":[{"count":3,"href":"https:\/\/hookahshop.lt\/et\/wp-json\/wp\/v2\/product\/35200\/revisions"}],"predecessor-version":[{"id":35245,"href":"https:\/\/hookahshop.lt\/et\/wp-json\/wp\/v2\/product\/35200\/revisions\/35245"}],"wp:featuredmedia":[{"embeddable":true,"href":"https:\/\/hookahshop.lt\/et\/wp-json\/wp\/v2\/media\/35201"}],"wp:attachment":[{"href":"https:\/\/hookahshop.lt\/et\/wp-json\/wp\/v2\/media?parent=35200"}],"curies":[{"name":"wp","href":"https:\/\/api.w.org\/{rel}","templated":true}]}}