{"id":35204,"date":"2023-01-14T15:50:02","date_gmt":"2023-01-14T13:50:02","guid":{"rendered":"https:\/\/hookahshop.lt\/?post_type=product&#038;p=35204"},"modified":"2026-04-10T23:29:36","modified_gmt":"2026-04-10T20:29:36","slug":"zarna-silikonine-ao-black","status":"publish","type":"product","link":"https:\/\/hookahshop.lt\/et\/toode\/voolik-silikoon-ao-must\/","title":{"rendered":"Silikoonvoolik AO Must"},"content":{"rendered":"<h2>Silikoonvoolik AO Must<\/h2>\n<p>Valmistatud meditsiinilisest silikoonist antistaatilise kattega &quot;Soft-Touch&quot; ja ei sisalda v\u00f5\u00f5raid l\u00f5hnu. Nende omadustega j\u00e4\u00e4b voolik paindlikuks.<\/p>\n<p><strong>Spetsifikatsioonid:<\/strong><sub><br \/>\n<\/sub>Pikkus: ~ 150 cm<sub><br \/>\n<\/sub>V\u00e4lisl\u00e4bim\u00f5\u00f5t: 18 mm<sub><br \/>\n<\/sub>Sisemine l\u00e4bim\u00f5\u00f5t: 10 mm<sub><br \/>\n<\/sub>Kate: pehme pehme puudutus<sub><br \/>\n<\/sub>Kaal: ~ 150 g.<\/p>\n<p>Kas teil on k\u00fcsimusi? v\u00f5ta meiega \u00fchendust\u00a0<a href=\"https:\/\/hookahshop.lt\/et\/kontaktid\/\">kontaktide leht<\/a>\u00a0v\u00f5i saatke meile e-kiri aadressil\u00a0<a href=\"https:\/\/facebook.com\/HookahShop.lt\/\" target=\"_blank\" rel=\"noopener\">Facebooki konto<\/a>\u00a0ja vastame teie taotlusele samal p\u00e4eval<\/p>","protected":false},"excerpt":{"rendered":"<p>Silikoonvoolik AO Must Valmistatud meditsiinilisest silikoonist antistaatilise Soft-Touch kattega ja ei sisalda k\u00f5rvalisi l\u00f5hnu. Need omadused hoiavad vooliku paindlikuna. Tehnilised andmed: Pikkus: ~ 150 cm V\u00e4lisl\u00e4bim\u00f5\u00f5t: 18 mm Sisemine l\u00e4bim\u00f5\u00f5t: 10 mm Kate: pehme pehme puudutus Kaal: ~ 150 g. Kas teil on k\u00fcsimusi? V\u00f5tke meiega \u00fchendust kontaktide lehel v\u00f5i kirjutage meile meie Facebooki kontol ja me vastame [\u2026]<\/p>","protected":false},"featured_media":35205,"comment_status":"open","ping_status":"closed","template":"","meta":[],"_links":{"self":[{"href":"https:\/\/hookahshop.lt\/et\/wp-json\/wp\/v2\/product\/35204"}],"collection":[{"href":"https:\/\/hookahshop.lt\/et\/wp-json\/wp\/v2\/product"}],"about":[{"href":"https:\/\/hookahshop.lt\/et\/wp-json\/wp\/v2\/types\/product"}],"replies":[{"embeddable":true,"href":"https:\/\/hookahshop.lt\/et\/wp-json\/wp\/v2\/comments?post=35204"}],"version-history":[{"count":4,"href":"https:\/\/hookahshop.lt\/et\/wp-json\/wp\/v2\/product\/35204\/revisions"}],"predecessor-version":[{"id":35244,"href":"https:\/\/hookahshop.lt\/et\/wp-json\/wp\/v2\/product\/35204\/revisions\/35244"}],"wp:featuredmedia":[{"embeddable":true,"href":"https:\/\/hookahshop.lt\/et\/wp-json\/wp\/v2\/media\/35205"}],"wp:attachment":[{"href":"https:\/\/hookahshop.lt\/et\/wp-json\/wp\/v2\/media?parent=35204"}],"curies":[{"name":"wp","href":"https:\/\/api.w.org\/{rel}","templated":true}]}}