{"id":35210,"date":"2023-01-14T15:59:51","date_gmt":"2023-01-14T13:59:51","guid":{"rendered":"https:\/\/hookahshop.lt\/?post_type=product&#038;p=35210"},"modified":"2026-04-06T23:29:29","modified_gmt":"2026-04-06T20:29:29","slug":"znyples-kaljano-anglims-embery-long-envy","status":"publish","type":"product","link":"https:\/\/hookahshop.lt\/et\/toode\/vesipiibu-susi-vesipiibu-emberi-kaua-kadedus\/","title":{"rendered":"TANGID VESIPIIBU EMBERY Long Envy"},"content":{"rendered":"<h2>TANGID VESIPIIBU EMBERY Long Envy<\/h2>\n<p>Erakordse v\u00e4limusega tangid. Need tangid on v\u00e4ga mugava suurusega ja ei paindu kasutamisel. Valmistatud kasutades kvaliteetseid materjale.<\/p>\n<p><strong>Spetsifikatsioon:<\/strong><br \/>\nMaterjal: roostevaba teras<br \/>\nKaal: ~ 60 g.<br \/>\nPikkus: ~ 30 cm<br \/>\nV\u00e4rvus must<br \/>\nP\u00e4ritoluriik: Ukraina<\/p>\n<p>Kas teil on k\u00fcsimusi? v\u00f5ta meiega \u00fchendust\u00a0<a href=\"https:\/\/hookahshop.lt\/et\/kontaktid\/\">kontaktide leht<\/a>\u00a0v\u00f5i saatke meile e-kiri aadressil\u00a0<a href=\"https:\/\/facebook.com\/HookahShop.lt\/\" target=\"_blank\" rel=\"noopener\">Facebooki konto<\/a>\u00a0ja vastame teie taotlusele samal p\u00e4eval<\/p>","protected":false},"excerpt":{"rendered":"<p>Tangid vesipiibu s\u00f6ele EMBERY Long Envy Unikaalse v\u00e4limusega tangid. Need tangid on v\u00e4ga mugava suurusega ja ei vaju kasutamisel kokku. Valmistatud kasutades kvaliteetseid materjale. Spetsifikatsioon: Materjal: roostevaba teras Kaal: ~ 60 g. Pikkus: ~ 30 cm V\u00e4rv: must P\u00e4ritoluriik: Ukraina Kas teil on k\u00fcsimusi? V\u00f5tke meiega \u00fchendust kontaktide lehel v\u00f5i kirjutage meile meie Facebooki kontol ja me vastame teie p\u00e4ringule [\u2026]<\/p>","protected":false},"featured_media":35212,"comment_status":"open","ping_status":"closed","template":"","meta":[],"_links":{"self":[{"href":"https:\/\/hookahshop.lt\/et\/wp-json\/wp\/v2\/product\/35210"}],"collection":[{"href":"https:\/\/hookahshop.lt\/et\/wp-json\/wp\/v2\/product"}],"about":[{"href":"https:\/\/hookahshop.lt\/et\/wp-json\/wp\/v2\/types\/product"}],"replies":[{"embeddable":true,"href":"https:\/\/hookahshop.lt\/et\/wp-json\/wp\/v2\/comments?post=35210"}],"version-history":[{"count":2,"href":"https:\/\/hookahshop.lt\/et\/wp-json\/wp\/v2\/product\/35210\/revisions"}],"predecessor-version":[{"id":35237,"href":"https:\/\/hookahshop.lt\/et\/wp-json\/wp\/v2\/product\/35210\/revisions\/35237"}],"wp:featuredmedia":[{"embeddable":true,"href":"https:\/\/hookahshop.lt\/et\/wp-json\/wp\/v2\/media\/35212"}],"wp:attachment":[{"href":"https:\/\/hookahshop.lt\/et\/wp-json\/wp\/v2\/media?parent=35210"}],"curies":[{"name":"wp","href":"https:\/\/api.w.org\/{rel}","templated":true}]}}