{"id":35388,"date":"2023-02-08T16:11:22","date_gmt":"2023-02-08T14:11:22","guid":{"rendered":"https:\/\/hookahshop.lt\/?post_type=product&#038;p=35388"},"modified":"2026-04-27T23:29:49","modified_gmt":"2026-04-27T20:29:49","slug":"kaljanas-sky-totem-hookah-tube-white","status":"publish","type":"product","link":"https:\/\/hookahshop.lt\/et\/toode\/vesipiibu-taeva-totem-vesipiibu-toru-valge\/","title":{"rendered":"Vesipiibu Sky-Totem Vesipiibu toru valge"},"content":{"rendered":"<h2>Vesipiibu Sky-Totem Vesipiibu toru valge<\/h2>\n<p>See on Ukraina firmade &quot;Totem Hookah&quot; ja &quot;Sky Hookah&quot; puidust siset\u00fckiga roostevabast terasest vesipiibud. T\u00f6\u00f6kvaliteedi ja toote k\u00f5ikide osade t\u00f6\u00f6tluse p\u00f5hjal v\u00f5ib Totem Hokah vesipiipu julgelt klassifitseerida k\u00f5rgetasemeliseks segmendiks v\u00e4ga soodsa hinnaga. H\u00e4sti l\u00e4bim\u00f5eldud ja pealekantud puitviimistlus pakub silmailu ja j\u00e4tab suurep\u00e4rase sensoorse mulje. Vooliku\u00fchendus on \u00fchendatud vesipiibu varrega, mis v\u00f5imaldab lihtsat ja usaldusv\u00e4\u00e4rset kasutamist ilma kogu toote eksklusiivset v\u00e4limust kaotamata. Pol\u00fcatsetaalist siset\u00fckk tagab lihtsa ja kiire kaitse vesipiibu eest. Ja loomulikult ei saa ignoreerida muljetavaldavat kaubam\u00e4rgiga pakendit, mis r\u00f5hutab ainult vesipiibu omaniku maitset.<\/p>\n<p><strong>Spetsifikatsioon:<\/strong><br \/>\nMaterjal: roostevaba teras, pol\u00fcatsetaal, puit.<br \/>\nK\u00f5rgus: 55 cm<br \/>\nTootja: Sky &amp; Totem Hookah<br \/>\nMudel: toru<br \/>\nTootmisriik: Ukraina<br \/>\nV\u00e4rv: valge<\/p>\n<p><strong>Varustus:<\/strong><br \/>\nVesipiibu v\u00f5ll, plaat, huulik, voolik, vooliku vedru, vahet\u00fckid, kaubam\u00e4rgiga pakend.<\/p>\n<p>Kas teil on k\u00fcsimusi? v\u00f5ta meiega \u00fchendust\u00a0<a href=\"https:\/\/hookahshop.lt\/et\/kontaktid\/\">kontaktide leht<\/a>\u00a0v\u00f5i saatke meile e-kiri aadressil\u00a0<a href=\"https:\/\/facebook.com\/HookahShop.lt\/\" target=\"_blank\" rel=\"noopener\">Facebooki konto<\/a>\u00a0ja vastame teie taotlusele samal p\u00e4eval.<\/p>\n<p>&nbsp;<\/p>","protected":false},"excerpt":{"rendered":"<p>Hookah Sky-Totem Hookah Tube White See on Ukraina firma Totem Hookah and Sky Hookah puidust siset\u00fckiga roostevabast terasest vesipiibud. T\u00f6\u00f6kvaliteedi ja toote k\u00f5ikide osade t\u00f6\u00f6tluse p\u00f5hjal v\u00f5ib Totem Hokah vesipiipu julgelt klassifitseerida k\u00f5rgetasemeliseks segmendiks v\u00e4ga soodsa hinnaga. H\u00e4sti viimistletud ja kohandatud puidust viimistlus on silmale meeldiv ja j\u00e4tab suurep\u00e4rase sensoorse [\u2026]<\/p>","protected":false},"featured_media":35390,"comment_status":"open","ping_status":"closed","template":"","meta":[],"_links":{"self":[{"href":"https:\/\/hookahshop.lt\/et\/wp-json\/wp\/v2\/product\/35388"}],"collection":[{"href":"https:\/\/hookahshop.lt\/et\/wp-json\/wp\/v2\/product"}],"about":[{"href":"https:\/\/hookahshop.lt\/et\/wp-json\/wp\/v2\/types\/product"}],"replies":[{"embeddable":true,"href":"https:\/\/hookahshop.lt\/et\/wp-json\/wp\/v2\/comments?post=35388"}],"version-history":[{"count":3,"href":"https:\/\/hookahshop.lt\/et\/wp-json\/wp\/v2\/product\/35388\/revisions"}],"predecessor-version":[{"id":35416,"href":"https:\/\/hookahshop.lt\/et\/wp-json\/wp\/v2\/product\/35388\/revisions\/35416"}],"wp:featuredmedia":[{"embeddable":true,"href":"https:\/\/hookahshop.lt\/et\/wp-json\/wp\/v2\/media\/35390"}],"wp:attachment":[{"href":"https:\/\/hookahshop.lt\/et\/wp-json\/wp\/v2\/media?parent=35388"}],"curies":[{"name":"wp","href":"https:\/\/api.w.org\/{rel}","templated":true}]}}