{"id":35397,"date":"2023-02-08T16:18:42","date_gmt":"2023-02-08T14:18:42","guid":{"rendered":"https:\/\/hookahshop.lt\/?post_type=product&#038;p=35397"},"modified":"2026-04-17T23:29:52","modified_gmt":"2026-04-17T20:29:52","slug":"kolba-kaljanui-vg-sphere-black-smoke","status":"publish","type":"product","link":"https:\/\/hookahshop.lt\/et\/toode\/kolb-piibu-vg-kera-must-suitsu\/","title":{"rendered":"Vesipiibu kolb VG Sphere Black Smoke"},"content":{"rendered":"<h2><strong>Vesipiibu kolb VG Sphere Black Smoke<\/strong><\/h2>\n<p>Kolb m\u00f5jub suitsuselt ning t\u00e4nu l\u00e4ikivale pinnale on sellel veelgi \u0161ikim ja eksklusiivsem v\u00e4rviilme. Sobib peaaegu k\u00f5ikidele kaasaegsetele vesipiipudele. Kolvi \u00e4\u00e4r aitab vesipiipu mugavalt k\u00e4es hoida, et see k\u00e4est ei libiseks. See kolb on kaetud kvaliteetse v\u00e4rviga, mis aitab hoida kolbil aja jooksul nagu uus, isegi p\u00e4rast paljusid kasutusi. Sobib universaalse tihendiga vesipiipudele. Kolb on valmistatud k\u00e4sitsi ja kaela sisel\u00e4bim\u00f5\u00f5t v\u00f5ib erineda deklareeritust 1-1,5 mm.<\/p>\n<p><strong>Spetsifikatsioon:<\/strong><br \/>\nK\u00f5rgus: ~ 25,8 cm<br \/>\nKaal: ~ 1515 g<br \/>\nV\u00e4lise augu l\u00e4bim\u00f5\u00f5t: 7,3 cm<br \/>\nSisemine augu l\u00e4bim\u00f5\u00f5t: 4,5 cm<br \/>\nMaterjal: klaas<\/p>\n<p>Kas teil on k\u00fcsimusi? v\u00f5ta meiega \u00fchendust\u00a0<a href=\"https:\/\/hookahshop.lt\/et\/kontaktid\/\">kontaktide leht<\/a>\u00a0v\u00f5i saatke meile e-kiri aadressil\u00a0<a href=\"https:\/\/facebook.com\/HookahShop.lt\/\" target=\"_blank\" rel=\"noopener\">Facebooki konto<\/a>\u00a0ja vastame teie taotlusele samal p\u00e4eval.<\/p>","protected":false},"excerpt":{"rendered":"<p>Vesipiibu kolb VG Sphere Black Smoke Suitsuefektiga kolb, mis t\u00e4nu l\u00e4ikivale pinnale on veelgi \u0161ikima ja eksklusiivsema v\u00e4rviilmega. Sobib peaaegu k\u00f5ikidele kaasaegsetele vesipiipudele. Kolvi \u00e4\u00e4r aitab vesipiipu mugavalt k\u00e4es hoida, et see k\u00e4est ei libiseks. See kolb on kaetud kvaliteetse v\u00e4rviga, mis aitab hoida kolbi v\u00e4ljan\u00e4gemist nagu see oli [\u2026]<\/p>","protected":false},"featured_media":38001,"comment_status":"open","ping_status":"closed","template":"","meta":[],"_links":{"self":[{"href":"https:\/\/hookahshop.lt\/et\/wp-json\/wp\/v2\/product\/35397"}],"collection":[{"href":"https:\/\/hookahshop.lt\/et\/wp-json\/wp\/v2\/product"}],"about":[{"href":"https:\/\/hookahshop.lt\/et\/wp-json\/wp\/v2\/types\/product"}],"replies":[{"embeddable":true,"href":"https:\/\/hookahshop.lt\/et\/wp-json\/wp\/v2\/comments?post=35397"}],"version-history":[{"count":5,"href":"https:\/\/hookahshop.lt\/et\/wp-json\/wp\/v2\/product\/35397\/revisions"}],"predecessor-version":[{"id":45039,"href":"https:\/\/hookahshop.lt\/et\/wp-json\/wp\/v2\/product\/35397\/revisions\/45039"}],"wp:featuredmedia":[{"embeddable":true,"href":"https:\/\/hookahshop.lt\/et\/wp-json\/wp\/v2\/media\/38001"}],"wp:attachment":[{"href":"https:\/\/hookahshop.lt\/et\/wp-json\/wp\/v2\/media?parent=35397"}],"curies":[{"name":"wp","href":"https:\/\/api.w.org\/{rel}","templated":true}]}}