{"id":35404,"date":"2023-02-08T16:23:21","date_gmt":"2023-02-08T14:23:21","guid":{"rendered":"https:\/\/hookahshop.lt\/?post_type=product&#038;p=35404"},"modified":"2026-04-17T23:29:52","modified_gmt":"2026-04-17T20:29:52","slug":"gaubtas-taureles-kaitinimui-star-silver","status":"publish","type":"product","link":"https:\/\/hookahshop.lt\/et\/toode\/kubu-topsid-soojenduseks-taht-hobe\/","title":{"rendered":"Kapuuts topside soojendamiseks Star Silver"},"content":{"rendered":"<h2><strong>Kapuuts topside soojendamiseks Star Silver<\/strong><\/h2>\n<p>Klassikaline tuulekate v\u00e4ljas suitsetamiseks, et kaitsta kookos\u00fcsi tuule eest, v\u00f5i siseruumides suitsutamiseks, et tass h\u00e4sti soojendada.<\/p>\n<p><strong>Spetsifikatsioon:<\/strong><br \/>\nK\u00f5rgus: ~ 27,94 cm<br \/>\nL\u00e4bim\u00f5\u00f5t: ~ 8,89 cm<br \/>\nMaterjal: metall<\/p>\n<p>Kas teil on k\u00fcsimusi? v\u00f5ta meiega \u00fchendust\u00a0<a href=\"https:\/\/hookahshop.lt\/et\/kontaktid\/\">kontaktide leht<\/a>\u00a0v\u00f5i saatke meile e-kiri aadressil\u00a0<a href=\"https:\/\/facebook.com\/HookahShop.lt\/\" target=\"_blank\" rel=\"noopener\">Facebooki konto<\/a>\u00a0ja vastame teie taotlusele samal p\u00e4eval.<\/p>","protected":false},"excerpt":{"rendered":"<p>Tassisoojendaja kapuuts Star Silver Klassikaline tuulekapp v\u00e4ljas suitsetamiseks, et kaitsta kookos\u00fcsi tuule eest, v\u00f5i siseruumides suitsetamiseks, et topsi h\u00e4sti soojendada. Spetsifikatsioon: K\u00f5rgus: ~ 27,94 cm L\u00e4bim\u00f5\u00f5t: ~ 8,89 cm Materjal: Metall K\u00fcsimused? V\u00f5tke meiega \u00fchendust kontaktide lehel v\u00f5i kirjutage meile meie Facebooki kontol ja vastame teie p\u00e4ringule samal p\u00e4eval.<\/p>","protected":false},"featured_media":35405,"comment_status":"open","ping_status":"closed","template":"","meta":[],"_links":{"self":[{"href":"https:\/\/hookahshop.lt\/et\/wp-json\/wp\/v2\/product\/35404"}],"collection":[{"href":"https:\/\/hookahshop.lt\/et\/wp-json\/wp\/v2\/product"}],"about":[{"href":"https:\/\/hookahshop.lt\/et\/wp-json\/wp\/v2\/types\/product"}],"replies":[{"embeddable":true,"href":"https:\/\/hookahshop.lt\/et\/wp-json\/wp\/v2\/comments?post=35404"}],"version-history":[{"count":3,"href":"https:\/\/hookahshop.lt\/et\/wp-json\/wp\/v2\/product\/35404\/revisions"}],"predecessor-version":[{"id":35647,"href":"https:\/\/hookahshop.lt\/et\/wp-json\/wp\/v2\/product\/35404\/revisions\/35647"}],"wp:featuredmedia":[{"embeddable":true,"href":"https:\/\/hookahshop.lt\/et\/wp-json\/wp\/v2\/media\/35405"}],"wp:attachment":[{"href":"https:\/\/hookahshop.lt\/et\/wp-json\/wp\/v2\/media?parent=35404"}],"curies":[{"name":"wp","href":"https:\/\/api.w.org\/{rel}","templated":true}]}}