{"id":35485,"date":"2023-02-18T14:48:39","date_gmt":"2023-02-18T12:48:39","guid":{"rendered":"https:\/\/hookahshop.lt\/?post_type=product&#038;p=35485"},"modified":"2026-04-18T23:29:22","modified_gmt":"2026-04-18T20:29:22","slug":"taurele-kaljanui-oblako-phunnel-m-quickblue","status":"publish","type":"product","link":"https:\/\/hookahshop.lt\/et\/toode\/tass-vesipiip-pilvelehter-m-kiirsinine\/","title":{"rendered":"Vesipiibu tass OBLAKO Phunnel M Quickblue"},"content":{"rendered":"<h2>Vesipiibu tass OBLAKO Phunnel M Quickblue<\/h2>\n<p>See on igap\u00e4evaseks suitsetamiseks m\u00f5eldud glasuuritud tass, mis sobib suurep\u00e4raselt kerge ja raske tubaka jaoks!<\/p>\n<p>Tass on kaetud glasuuriga, t\u00e4nu millele suudab see pikka aega s\u00e4ilitada oma esialgsed omadused ja v\u00e4limuse. OBLAKO kasutab ainult inims\u00f5bralikku toiduglasuuri, mille on v\u00e4lja t\u00f6\u00f6tanud partnerid spetsialiseeritud laborites, mis asuvad Venemaal \u00fches traditsioonilises keraamikatootmiskeskuses Gzhelskojes.<\/p>\n<p>Tassit\u00e4is tubakat mahutab 20\u201323 g.<\/p>\n<p>Spetsifikatsioonid:<br \/>\nK\u00f5rgus: 118 mm<br \/>\nL\u00e4bim\u00f5\u00f5t (v\u00e4limine): 74 mm<br \/>\nL\u00e4bim\u00f5\u00f5t (sisemine): 68 mm<br \/>\nS\u00fcgavus: 12 mm<br \/>\nAva l\u00e4bim\u00f5\u00f5t: 12 mm<br \/>\nAukude arv: 1<br \/>\nKaal: umbes 182 g.<\/p>\n<p>Kas teil on k\u00fcsimusi? v\u00f5ta meiega \u00fchendust\u00a0<a href=\"https:\/\/hookahshop.lt\/et\/kontaktid\/\">kontaktide leht<\/a>\u00a0v\u00f5i saatke meile e-kiri aadressil\u00a0<a href=\"https:\/\/facebook.com\/HookahShop.lt\/\" target=\"_blank\" rel=\"noopener noreferrer\">Facebooki konto<\/a>\u00a0ja vastame teie taotlusele samal p\u00e4eval.<\/p>","protected":false},"excerpt":{"rendered":"<p>Vesipiibukauss OBLAKO Phunnel M Quickblue See on glasuuritud igap\u00e4evane suitsukauss, mis sobib suurep\u00e4raselt kerge ja raske tubaka jaoks! Tass on kaetud glasuuriga, t\u00e4nu millele suudab see kaua s\u00e4ilitada oma esialgsed omadused ja v\u00e4limus. OBLAKO kasutab ainult inims\u00f5bralikku s\u00f6\u00f6davat glasuuri, mille on v\u00e4lja t\u00f6\u00f6tanud partnerid spetsialiseeritud laborites, mis asuvad Gzhelskojes, Venemaa keraamika tootmise \u00fches traditsioonilises keskuses. [\u2026]<\/p>","protected":false},"featured_media":35486,"comment_status":"open","ping_status":"closed","template":"","meta":[],"_links":{"self":[{"href":"https:\/\/hookahshop.lt\/et\/wp-json\/wp\/v2\/product\/35485"}],"collection":[{"href":"https:\/\/hookahshop.lt\/et\/wp-json\/wp\/v2\/product"}],"about":[{"href":"https:\/\/hookahshop.lt\/et\/wp-json\/wp\/v2\/types\/product"}],"replies":[{"embeddable":true,"href":"https:\/\/hookahshop.lt\/et\/wp-json\/wp\/v2\/comments?post=35485"}],"version-history":[{"count":3,"href":"https:\/\/hookahshop.lt\/et\/wp-json\/wp\/v2\/product\/35485\/revisions"}],"predecessor-version":[{"id":35488,"href":"https:\/\/hookahshop.lt\/et\/wp-json\/wp\/v2\/product\/35485\/revisions\/35488"}],"wp:featuredmedia":[{"embeddable":true,"href":"https:\/\/hookahshop.lt\/et\/wp-json\/wp\/v2\/media\/35486"}],"wp:attachment":[{"href":"https:\/\/hookahshop.lt\/et\/wp-json\/wp\/v2\/media?parent=35485"}],"curies":[{"name":"wp","href":"https:\/\/api.w.org\/{rel}","templated":true}]}}