{"id":35548,"date":"2023-02-28T17:20:45","date_gmt":"2023-02-28T15:20:45","guid":{"rendered":"https:\/\/hookahshop.lt\/?post_type=product&#038;p=35548"},"modified":"2026-04-22T23:29:53","modified_gmt":"2026-04-22T20:29:53","slug":"kaljanas-aladin-alux-380-black","status":"publish","type":"product","link":"https:\/\/hookahshop.lt\/et\/toode\/vesipiibu-aladin-alux-380-must\/","title":{"rendered":"Vesipiip ALADIN Alux 380 must"},"content":{"rendered":"<h2>Vesipiip ALADIN Alux 380 must<\/h2>\n<p>See vesipiip j\u00e4tab oma kvaliteetsete materjalidega h\u00e4mmastavaid muljeid. Kvaliteetne t\u00f6\u00f6 ja individuaalne disain ei j\u00e4ta teid \u00fcksk\u00f5ikseks.<br \/>\nT\u00e4nu oma kompaktsele suurusele on see ideaalne reisikaaslane neile, kes soovivad kvaliteetset toodet liikvel olla.<\/p>\n<p><strong>Spetsifikatsioon:<\/strong><br \/>\nK\u00f5rgus: 38 cm.<br \/>\nMaterjal (v\u00e4line): anodeeritud alumiinium<br \/>\nMaterjal (sisemine): roostevaba teras (varda p\u00f5hi puutub kokku veega)<br \/>\nHajuti: reguleeritav<br \/>\nV\u00e4rvus must<\/p>\n<p><strong>Standard komplekt:<\/strong><br \/>\nVesipiip, keermega kolb, tangid, pehme silikoonvoolik otsikutega, tass, korsten topsi jaoks.<\/p>\n<p>Kas teil on k\u00fcsimusi? v\u00f5ta meiega \u00fchendust\u00a0<a href=\"https:\/\/hookahshop.lt\/et\/kontaktid\/\">kontaktide leht<\/a>\u00a0v\u00f5i saatke meile e-kiri aadressil\u00a0<a href=\"https:\/\/facebook.com\/HookahShop.lt\/\" target=\"_blank\" rel=\"noopener noreferrer\">Facebooki konto<\/a>\u00a0ja vastame teie taotlusele samal p\u00e4eval.<\/p>","protected":false},"excerpt":{"rendered":"<p>Vesipiip ALADIN Alux 380 Black See vesipiip j\u00e4tab oma kvaliteetsete materjalidega imelised muljed. Kvaliteetne t\u00f6\u00f6tlus ja individuaalne disain ei j\u00e4ta teid \u00fcksk\u00f5ikseks. Selle kompaktne suurus muudab selle ideaalseks reisikaaslaseks neile, kes soovivad liikvel olles kvaliteetset toodet. Spetsifikatsioon: K\u00f5rgus: 38 cm. Materjal (v\u00e4limine): anodeeritud alumiinium Materjal (sisemine): roostevaba teras (varre alumine osa, mis puutub kokku veega) Hajuti: reguleeritav [...]<\/p>","protected":false},"featured_media":35592,"comment_status":"open","ping_status":"closed","template":"","meta":[],"_links":{"self":[{"href":"https:\/\/hookahshop.lt\/et\/wp-json\/wp\/v2\/product\/35548"}],"collection":[{"href":"https:\/\/hookahshop.lt\/et\/wp-json\/wp\/v2\/product"}],"about":[{"href":"https:\/\/hookahshop.lt\/et\/wp-json\/wp\/v2\/types\/product"}],"replies":[{"embeddable":true,"href":"https:\/\/hookahshop.lt\/et\/wp-json\/wp\/v2\/comments?post=35548"}],"version-history":[{"count":4,"href":"https:\/\/hookahshop.lt\/et\/wp-json\/wp\/v2\/product\/35548\/revisions"}],"predecessor-version":[{"id":45528,"href":"https:\/\/hookahshop.lt\/et\/wp-json\/wp\/v2\/product\/35548\/revisions\/45528"}],"wp:featuredmedia":[{"embeddable":true,"href":"https:\/\/hookahshop.lt\/et\/wp-json\/wp\/v2\/media\/35592"}],"wp:attachment":[{"href":"https:\/\/hookahshop.lt\/et\/wp-json\/wp\/v2\/media?parent=35548"}],"curies":[{"name":"wp","href":"https:\/\/api.w.org\/{rel}","templated":true}]}}