{"id":35553,"date":"2023-02-28T17:25:54","date_gmt":"2023-02-28T15:25:54","guid":{"rendered":"https:\/\/hookahshop.lt\/?post_type=product&#038;p=35553"},"modified":"2026-04-23T23:29:55","modified_gmt":"2026-04-23T20:29:55","slug":"kaljanas-aladin-mvp360-black-everything","status":"publish","type":"product","link":"https:\/\/hookahshop.lt\/et\/toode\/vesipiibu-aladin-mvp360-must-koik\/","title":{"rendered":"Vesipiip ALADIN MVP360 Black Everything"},"content":{"rendered":"<h2>Vesipiip ALADIN MVP360 Black Everything<\/h2>\n<p>Vesipiip j\u00e4tab oma kvaliteetsete materjalidega h\u00e4mmastavaid muljeid. Kvaliteetne t\u00f6\u00f6 ja individuaalne disain ei j\u00e4ta teid \u00fcksk\u00f5ikseks.<br \/>\nT\u00e4nu oma kompaktsele suurusele on see ideaalne reisikaaslane neile, kes soovivad kvaliteetset toodet liikvel olla.<\/p>\n<p><strong>Spetsifikatsioon<\/strong><br \/>\nMaterjal: anodeeritud roostevaba teras<br \/>\nKolb: keermestatud<br \/>\nDifusioon: jah (reguleeritav)<br \/>\nK\u00f5rgus: 36 cm<br \/>\nV\u00e4rvus must<\/p>\n<p><strong>Standardkomplekt sisaldab:<\/strong><br \/>\ntangid, pehme silikoonist voolik koos d\u00fc\u00fcsidega, tass, korsten tassile.<\/p>\n<p>Kas teil on k\u00fcsimusi? v\u00f5ta meiega \u00fchendust\u00a0<a href=\"https:\/\/hookahshop.lt\/et\/kontaktid\/\">kontaktide leht<\/a>\u00a0v\u00f5i saatke meile e-kiri aadressil\u00a0<a href=\"https:\/\/facebook.com\/HookahShop.lt\/\" target=\"_blank\" rel=\"noopener noreferrer\">Facebooki konto<\/a>\u00a0ja vastame teie taotlusele samal p\u00e4eval.<\/p>","protected":false},"excerpt":{"rendered":"<p>Vesipiip ALADIN MVP360 Black Everything vesipiip j\u00e4tab oma kvaliteetsete materjalidega imelise mulje. Kvaliteetne t\u00f6\u00f6tlus ja individuaalne disain ei j\u00e4ta kedagi \u00fcksk\u00f5ikseks. T\u00e4nu kompaktsele suurusele on see ideaalne reisikaaslane neile, kes soovivad kvaliteetset toodet kaasas kanda. Spetsifikatsioon Materjal: Anodeeritud roostevaba teras Kolb: Keermega Hajuti: Jah (reguleeritav) K\u00f5rgus: 36 cm V\u00e4rvus: must Standardkomplekt sisaldab: tangid, \u201epehmed\u201c [\u2026]<\/p>","protected":false},"featured_media":35580,"comment_status":"open","ping_status":"closed","template":"","meta":[],"_links":{"self":[{"href":"https:\/\/hookahshop.lt\/et\/wp-json\/wp\/v2\/product\/35553"}],"collection":[{"href":"https:\/\/hookahshop.lt\/et\/wp-json\/wp\/v2\/product"}],"about":[{"href":"https:\/\/hookahshop.lt\/et\/wp-json\/wp\/v2\/types\/product"}],"replies":[{"embeddable":true,"href":"https:\/\/hookahshop.lt\/et\/wp-json\/wp\/v2\/comments?post=35553"}],"version-history":[{"count":3,"href":"https:\/\/hookahshop.lt\/et\/wp-json\/wp\/v2\/product\/35553\/revisions"}],"predecessor-version":[{"id":39574,"href":"https:\/\/hookahshop.lt\/et\/wp-json\/wp\/v2\/product\/35553\/revisions\/39574"}],"wp:featuredmedia":[{"embeddable":true,"href":"https:\/\/hookahshop.lt\/et\/wp-json\/wp\/v2\/media\/35580"}],"wp:attachment":[{"href":"https:\/\/hookahshop.lt\/et\/wp-json\/wp\/v2\/media?parent=35553"}],"curies":[{"name":"wp","href":"https:\/\/api.w.org\/{rel}","templated":true}]}}