{"id":35556,"date":"2023-02-28T17:32:12","date_gmt":"2023-02-28T15:32:12","guid":{"rendered":"https:\/\/hookahshop.lt\/?post_type=product&#038;p=35556"},"modified":"2026-04-14T23:29:35","modified_gmt":"2026-04-14T20:29:35","slug":"kaljano-plastikinis-praputimo-voztuvas","status":"publish","type":"product","link":"https:\/\/hookahshop.lt\/et\/toode\/vesipiip-plast-loputusklapp-8mm-5tk\/","title":{"rendered":"Vesipiibu plastikust puhastusklapp 8mm 5tk"},"content":{"rendered":"<h2>Vesipiibu plastikust puhastusventiil 8 mm 5 tk<\/h2>\n<p>See on pall, mille abil saame vesipiibu kasutamisel kontrollida suitsu kogust vesipiibu kolvis. T\u00f5mbamisel sulgeb pall puhumisava, puhudes kolvist suitsu v\u00e4lja \u2013 avab selle.<\/p>\n<p><strong>Spetsifikatsioonid:<\/strong><br \/>\nL\u00e4bim\u00f5\u00f5t: 8 mm<br \/>\nKaal: 0,1 g<br \/>\nKogus: 5 tk.<\/p>\n<p><strong>Toote pakend v\u00f5ib erineda fotol kujutatust.<\/strong><\/p>\n<p>Kas teil on k\u00fcsimusi? v\u00f5ta meiega \u00fchendust\u00a0<a href=\"https:\/\/hookahshop.lt\/et\/kontaktid\/\">kontaktide leht<\/a>\u00a0v\u00f5i saatke meile e-kiri aadressil\u00a0<a href=\"https:\/\/facebook.com\/HookahShop.lt\/\" target=\"_blank\" rel=\"noopener noreferrer\">Facebooki konto<\/a>\u00a0ja vastame teie taotlusele samal p\u00e4eval.<\/p>","protected":false},"excerpt":{"rendered":"<p>Vesipiibu plastikust puhastusklapp 8 mm 5 tk See on pall, mille abil saame vesipiibu kasutamisel kontrollida suitsu kogust vesipiibu kolvis. T\u00f5mbamisel sulgeb pall puhumisava, puhudes kolvist suitsu v\u00e4lja \u2013 avab selle. Tehnilised andmed: L\u00e4bim\u00f5\u00f5t: 8 mm Kaal: 0,1 g Kogus: 5 tk. Toote pakend v\u00f5ib erineda fotol kujutatust. Kas teil on k\u00fcsimusi? V\u00f5tke meiega \u00fchendust kontaktide lehel v\u00f5i kirjutage [\u2026]<\/p>","protected":false},"featured_media":35572,"comment_status":"open","ping_status":"closed","template":"","meta":[],"_links":{"self":[{"href":"https:\/\/hookahshop.lt\/et\/wp-json\/wp\/v2\/product\/35556"}],"collection":[{"href":"https:\/\/hookahshop.lt\/et\/wp-json\/wp\/v2\/product"}],"about":[{"href":"https:\/\/hookahshop.lt\/et\/wp-json\/wp\/v2\/types\/product"}],"replies":[{"embeddable":true,"href":"https:\/\/hookahshop.lt\/et\/wp-json\/wp\/v2\/comments?post=35556"}],"version-history":[{"count":6,"href":"https:\/\/hookahshop.lt\/et\/wp-json\/wp\/v2\/product\/35556\/revisions"}],"predecessor-version":[{"id":35919,"href":"https:\/\/hookahshop.lt\/et\/wp-json\/wp\/v2\/product\/35556\/revisions\/35919"}],"wp:featuredmedia":[{"embeddable":true,"href":"https:\/\/hookahshop.lt\/et\/wp-json\/wp\/v2\/media\/35572"}],"wp:attachment":[{"href":"https:\/\/hookahshop.lt\/et\/wp-json\/wp\/v2\/media?parent=35556"}],"curies":[{"name":"wp","href":"https:\/\/api.w.org\/{rel}","templated":true}]}}