{"id":35563,"date":"2023-02-28T17:37:52","date_gmt":"2023-02-28T15:37:52","guid":{"rendered":"https:\/\/hookahshop.lt\/?post_type=product&#038;p=35563"},"modified":"2026-04-14T23:29:36","modified_gmt":"2026-04-14T20:29:36","slug":"savaime-uzsidegancios-kaljano-anglys","status":"publish","type":"product","link":"https:\/\/hookahshop.lt\/et\/toode\/isesuttiv-vesipiip-susi\/","title":{"rendered":"Ises\u00fcttiv vesipiibu kivis\u00fcsi INSTANT LITE 33mm 10 tk"},"content":{"rendered":"<h2>Ises\u00fcttiv vesipiibu kivis\u00fcsi INSTANT LITE 33mm 10 tk<\/h2>\n<p>\u00dcmmargused s\u00fcsinikud. \u00c4rge hoidke tahvelarvutit s\u00fc\u00fctamise ajal k\u00e4es. S\u00fc\u00fctage tahvelarvuti serv tiku v\u00f5i v\u00e4lgumihkliga, siis s\u00fcttib kogu tahvelarvuti pind.<\/p>\n<p><strong>Spetsifikatsioon:<\/strong><br \/>\nL\u00e4bim\u00f5\u00f5t: 33mm<br \/>\nP\u00f5leb kuni 1 tund<br \/>\nSobib k\u00f5ikidele tassidele<\/p>\n<p>Hind on 1 rulli kohta (10 tabletti, tabletid)<\/p>\n<p>Kas teil on k\u00fcsimusi? v\u00f5ta meiega \u00fchendust\u00a0<a href=\"https:\/\/hookahshop.lt\/et\/kontaktid\/\">kontaktide leht<\/a>\u00a0v\u00f5i saatke meile e-kiri aadressil\u00a0<a href=\"https:\/\/facebook.com\/HookahShop.lt\/\" target=\"_blank\" rel=\"noopener\">Facebooki konto<\/a>\u00a0ja vastame teie taotlusele samal p\u00e4eval.<\/p>","protected":false},"excerpt":{"rendered":"<p>Ises\u00fcttiv vesipiibu s\u00fcsi INSTANT LITE 33mm 10tk \u00dcmara kujuga s\u00fcsi. \u00c4rge hoidke tahvelarvutit s\u00fc\u00fctamise ajal k\u00e4es. S\u00fc\u00fctage tahvelarvuti serv tiku v\u00f5i v\u00e4lgumihkliga, siis s\u00fcttib kogu tahvelarvuti pind. Spetsifikatsioon: L\u00e4bim\u00f5\u00f5t: 33mm P\u00f5leb kuni 1 tund Sobib k\u00f5ikidele tassidele Hind kehtib 1 rulli kohta (10 tk, tabletid) Kas teil on k\u00fcsimusi? V\u00f5tke meiega \u00fchendust kontaktide lehel v\u00f5i kirjutage meile meie Facebooki kontol ja me vastame [\u2026]<\/p>","protected":false},"featured_media":35558,"comment_status":"open","ping_status":"closed","template":"","meta":[],"_links":{"self":[{"href":"https:\/\/hookahshop.lt\/et\/wp-json\/wp\/v2\/product\/35563"}],"collection":[{"href":"https:\/\/hookahshop.lt\/et\/wp-json\/wp\/v2\/product"}],"about":[{"href":"https:\/\/hookahshop.lt\/et\/wp-json\/wp\/v2\/types\/product"}],"replies":[{"embeddable":true,"href":"https:\/\/hookahshop.lt\/et\/wp-json\/wp\/v2\/comments?post=35563"}],"version-history":[{"count":5,"href":"https:\/\/hookahshop.lt\/et\/wp-json\/wp\/v2\/product\/35563\/revisions"}],"predecessor-version":[{"id":43300,"href":"https:\/\/hookahshop.lt\/et\/wp-json\/wp\/v2\/product\/35563\/revisions\/43300"}],"wp:featuredmedia":[{"embeddable":true,"href":"https:\/\/hookahshop.lt\/et\/wp-json\/wp\/v2\/media\/35558"}],"wp:attachment":[{"href":"https:\/\/hookahshop.lt\/et\/wp-json\/wp\/v2\/media?parent=35563"}],"curies":[{"name":"wp","href":"https:\/\/api.w.org\/{rel}","templated":true}]}}