{"id":35897,"date":"2023-04-27T18:16:49","date_gmt":"2023-04-27T15:16:49","guid":{"rendered":"https:\/\/hookahshop.lt\/?post_type=product&#038;p=35897"},"modified":"2026-04-10T23:29:38","modified_gmt":"2026-04-10T20:29:38","slug":"taurele-kaljanui-alpha-race-classic-white-matte","status":"publish","type":"product","link":"https:\/\/hookahshop.lt\/et\/toode\/tass-vesipiip-alfa-rass-klassika-valge-matt\/","title":{"rendered":"Vesipiibu tass ALPHA Race Classic valge matt"},"content":{"rendered":"<h2>Vesipiibu tass ALPHA Race Classic valge matt<\/h2>\n<p>Tuntud vesipiipude ja vesipiibu tarvikute tootja ALPHA HOOKAH uued k\u00e4sit\u00f6\u00f6na valminud silikoonist kaubam\u00e4rgiga siset\u00fckiga tassid.<br \/>\nTubaka mahutavus: 15-20g. (olenevalt kasutatavast pakkimisviisist ja tubaka t\u00fc\u00fcbist).<\/p>\n<p><strong>Spetsifikatsioon:<\/strong><br \/>\nK\u00f5rgus: 10 cm<br \/>\nL\u00e4bim\u00f5\u00f5t: ~75mm<br \/>\nAukude arv: 5 tk<\/p>\n<p><strong>Omadused:<\/strong><br \/>\nT\u00fc\u00fcp: klassikaline<br \/>\nMaterjal: Saksa keraamika, glasuur, silikoon<\/p>\n<p>Kas teil on k\u00fcsimusi? v\u00f5ta meiega \u00fchendust\u00a0<a href=\"https:\/\/hookahshop.lt\/et\/kontaktid\/\">kontaktide leht<\/a>\u00a0v\u00f5i saatke meile e-kiri aadressil\u00a0<a href=\"https:\/\/facebook.com\/HookahShop.lt\/\" target=\"_blank\" rel=\"noopener\">Facebooki konto<\/a>\u00a0ja vastame teie taotlusele samal p\u00e4eval.<\/p>","protected":false},"excerpt":{"rendered":"<p>Tass vesipiibu jaoks ALPHA Race Classic White Matte Tuntud vesipiibude ja vesipiibutarvikute tootja ALPHA HOOKAH uued k\u00e4sitsi valmistatud tassid silikoonm\u00e4rgiga siset\u00fckiga. Tubaka mahutavus: 15-20g. (olenevalt kasutatavast pakendamisviisist ja tubaka t\u00fc\u00fcbist). Spetsifikatsioon: K\u00f5rgus: 10cm L\u00e4bim\u00f5\u00f5t: ~75mm Aukude arv: 5tk Omadused: T\u00fc\u00fcp: klassikaline Materjal: Saksa keraamika, glasuur, silikoon Kas teil on k\u00fcsimusi? V\u00f5tke meiega \u00fchendust meie kontakti kaudu [\u2026]<\/p>","protected":false},"featured_media":35901,"comment_status":"open","ping_status":"closed","template":"","meta":[],"_links":{"self":[{"href":"https:\/\/hookahshop.lt\/et\/wp-json\/wp\/v2\/product\/35897"}],"collection":[{"href":"https:\/\/hookahshop.lt\/et\/wp-json\/wp\/v2\/product"}],"about":[{"href":"https:\/\/hookahshop.lt\/et\/wp-json\/wp\/v2\/types\/product"}],"replies":[{"embeddable":true,"href":"https:\/\/hookahshop.lt\/et\/wp-json\/wp\/v2\/comments?post=35897"}],"version-history":[{"count":3,"href":"https:\/\/hookahshop.lt\/et\/wp-json\/wp\/v2\/product\/35897\/revisions"}],"predecessor-version":[{"id":35939,"href":"https:\/\/hookahshop.lt\/et\/wp-json\/wp\/v2\/product\/35897\/revisions\/35939"}],"wp:featuredmedia":[{"embeddable":true,"href":"https:\/\/hookahshop.lt\/et\/wp-json\/wp\/v2\/media\/35901"}],"wp:attachment":[{"href":"https:\/\/hookahshop.lt\/et\/wp-json\/wp\/v2\/media?parent=35897"}],"curies":[{"name":"wp","href":"https:\/\/api.w.org\/{rel}","templated":true}]}}