{"id":35912,"date":"2023-04-27T19:04:31","date_gmt":"2023-04-27T16:04:31","guid":{"rendered":"https:\/\/hookahshop.lt\/?post_type=product&#038;p=35912"},"modified":"2026-04-06T23:29:30","modified_gmt":"2026-04-06T20:29:30","slug":"taurele-kaljanui-alpha-race-phunnel-black-matte","status":"publish","type":"product","link":"https:\/\/hookahshop.lt\/et\/toode\/tass-vesipiip-alfa-race-lehter-must-matt\/","title":{"rendered":"Vesipiibu tass ALPHA Race Phunnel Black Matte"},"content":{"rendered":"<h2>Vesipiibu tass ALPHA Race Phunnel Black Matte<\/h2>\n<p>ALPHA HOKAH, tuntud vesipiipude ja vesipiibu tarvikute tootja, uued k\u00e4sit\u00f6\u00f6na valmistatud tassid silikoon kaubam\u00e4rgiga vahet\u00fckiga.<br \/>\nTubaka mahutavus: 15-20g. (olenevalt kasutatavast pakkimisviisist ja tubaka t\u00fc\u00fcbist).<\/p>\n<p><strong>Spetsifikatsioon:<\/strong><br \/>\nK\u00f5rgus: 10 cm<br \/>\nL\u00e4bim\u00f5\u00f5t: ~75mm<br \/>\nAukude arv: 1tk<\/p>\n<p><strong>Omadused:<\/strong><br \/>\nLiik: phunnel<br \/>\nMaterjal: Saksa keraamika, glasuur, silikoon<\/p>\n<p>Kas teil on k\u00fcsimusi? v\u00f5ta meiega \u00fchendust\u00a0<a href=\"https:\/\/hookahshop.lt\/et\/kontaktid\/\">kontaktide leht<\/a>\u00a0v\u00f5i saatke meile e-kiri aadressil\u00a0<a href=\"https:\/\/facebook.com\/HookahShop.lt\/\" target=\"_blank\" rel=\"noopener\">Facebooki konto<\/a>\u00a0ja vastame teie taotlusele samal p\u00e4eval.<\/p>","protected":false},"excerpt":{"rendered":"<p>Vesipiibu tass ALPHA Race Phunnel Black Matte Tuntud vesipiibude ja vesipiibutarvikute tootja ALPHA HOKAH uued k\u00e4sit\u00f6\u00f6na valmistatud tassid silikoonist kaubam\u00e4rgiga siset\u00fckiga. Tubaka mahutavus: 15-20g. (olenevalt kasutatavast pakkimisviisist ja tubaka t\u00fc\u00fcbist). Spetsifikatsioon: K\u00f5rgus: 10cm L\u00e4bim\u00f5\u00f5t: ~75mm Aukude arv: 1tk Omadused: T\u00fc\u00fcp: phunnel Materjal: Saksa keraamika, glasuur, silikoon Kas on k\u00fcsimusi? V\u00f5tke meiega \u00fchendust meie kontakti kaudu [\u2026]<\/p>","protected":false},"featured_media":35915,"comment_status":"open","ping_status":"closed","template":"","meta":[],"_links":{"self":[{"href":"https:\/\/hookahshop.lt\/et\/wp-json\/wp\/v2\/product\/35912"}],"collection":[{"href":"https:\/\/hookahshop.lt\/et\/wp-json\/wp\/v2\/product"}],"about":[{"href":"https:\/\/hookahshop.lt\/et\/wp-json\/wp\/v2\/types\/product"}],"replies":[{"embeddable":true,"href":"https:\/\/hookahshop.lt\/et\/wp-json\/wp\/v2\/comments?post=35912"}],"version-history":[{"count":4,"href":"https:\/\/hookahshop.lt\/et\/wp-json\/wp\/v2\/product\/35912\/revisions"}],"predecessor-version":[{"id":36925,"href":"https:\/\/hookahshop.lt\/et\/wp-json\/wp\/v2\/product\/35912\/revisions\/36925"}],"wp:featuredmedia":[{"embeddable":true,"href":"https:\/\/hookahshop.lt\/et\/wp-json\/wp\/v2\/media\/35915"}],"wp:attachment":[{"href":"https:\/\/hookahshop.lt\/et\/wp-json\/wp\/v2\/media?parent=35912"}],"curies":[{"name":"wp","href":"https:\/\/api.w.org\/{rel}","templated":true}]}}