{"id":35923,"date":"2023-04-27T19:50:27","date_gmt":"2023-04-27T16:50:27","guid":{"rendered":"https:\/\/hookahshop.lt\/?post_type=product&#038;p=35923"},"modified":"2026-04-15T23:29:30","modified_gmt":"2026-04-15T20:29:30","slug":"taurele-kaljanui-alpha-turk-black-matte","status":"publish","type":"product","link":"https:\/\/hookahshop.lt\/et\/toode\/tass-vesipiip-alfa-turk-must-matt\/","title":{"rendered":"Vesipiibu tass ALPHA Turk Must Matte"},"content":{"rendered":"<h2>Vesipiibu tass ALPHA Turk Must Matte<\/h2>\n<p>Tuntud vesipiipude ja vesipiibu tarvikute tootja ALPHA HOKAH omas uusi k\u00e4sit\u00f6\u00f6na valminud universaalsete kunstiliste tekstuuridega tasse. Tass on kaetud glasuuriga, mis ei ima siirupit, mis v\u00f5imaldab nautida rohkem v\u00e4ljendunud tubaka maitset.<br \/>\nTubaka mahutavus: 18-25g (olenevalt kasutatavast pakkimisviisist ja tubaka t\u00fc\u00fcbist).<\/p>\n<p><strong>Spetsifikatsioon:<\/strong><br \/>\nK\u00f5rgus: ~8cm<br \/>\nL\u00e4bim\u00f5\u00f5t: ~75mm<br \/>\nAukude arv: 5 tk<\/p>\n<p><strong>Omadused:<\/strong><br \/>\nT\u00fc\u00fcp: t\u00fcrgi<br \/>\nMaterjal: Saksa keraamika, glasuur<\/p>\n<p>Kas teil on k\u00fcsimusi? v\u00f5ta meiega \u00fchendust\u00a0<a href=\"https:\/\/hookahshop.lt\/et\/kontaktid\/\">kontaktide leht<\/a>\u00a0v\u00f5i saatke meile e-kiri aadressil\u00a0<a href=\"https:\/\/facebook.com\/HookahShop.lt\/\" target=\"_blank\" rel=\"noopener\">Facebooki konto<\/a>\u00a0ja vastame teie taotlusele samal p\u00e4eval.<\/p>","protected":false},"excerpt":{"rendered":"<p>Tass vesipiibu jaoks ALPHA Turk Black Matte Uued k\u00e4sitsi valmistatud universaalse kunstilise tekstuuriga tassid tuntud vesipiibude ja vesipiibutarvikute tootjalt ALPHA HOKAH. Tass on kaetud glasuuriga, mis ei ima siirupit, mis v\u00f5imaldab nautida rohkem v\u00e4ljendunud tubaka maitset. Tubaka mahutavus: 18-25g (olenevalt kasutatavast pakkimisviisist ja tubaka t\u00fc\u00fcbist). Spetsifikatsioon: K\u00f5rgus: ~8cm L\u00e4bim\u00f5\u00f5t: ~75mm Aukude arv: 5tk Omadused: T\u00fc\u00fcp: T\u00fcrgi [...]<\/p>","protected":false},"featured_media":35927,"comment_status":"open","ping_status":"closed","template":"","meta":[],"_links":{"self":[{"href":"https:\/\/hookahshop.lt\/et\/wp-json\/wp\/v2\/product\/35923"}],"collection":[{"href":"https:\/\/hookahshop.lt\/et\/wp-json\/wp\/v2\/product"}],"about":[{"href":"https:\/\/hookahshop.lt\/et\/wp-json\/wp\/v2\/types\/product"}],"replies":[{"embeddable":true,"href":"https:\/\/hookahshop.lt\/et\/wp-json\/wp\/v2\/comments?post=35923"}],"version-history":[{"count":4,"href":"https:\/\/hookahshop.lt\/et\/wp-json\/wp\/v2\/product\/35923\/revisions"}],"predecessor-version":[{"id":44230,"href":"https:\/\/hookahshop.lt\/et\/wp-json\/wp\/v2\/product\/35923\/revisions\/44230"}],"wp:featuredmedia":[{"embeddable":true,"href":"https:\/\/hookahshop.lt\/et\/wp-json\/wp\/v2\/media\/35927"}],"wp:attachment":[{"href":"https:\/\/hookahshop.lt\/et\/wp-json\/wp\/v2\/media?parent=35923"}],"curies":[{"name":"wp","href":"https:\/\/api.w.org\/{rel}","templated":true}]}}