{"id":35931,"date":"2023-04-27T22:56:25","date_gmt":"2023-04-27T19:56:25","guid":{"rendered":"https:\/\/hookahshop.lt\/?post_type=product&#038;p=35931"},"modified":"2026-04-10T23:29:38","modified_gmt":"2026-04-10T20:29:38","slug":"taurele-kaljanui-alpha-turk-white-sand","status":"publish","type":"product","link":"https:\/\/hookahshop.lt\/et\/toode\/tass-vesipiip-alfa-turk-valge-liiv\/","title":{"rendered":"VESIPIIBU TASS ALPHA Turk White Sand"},"content":{"rendered":"<h2>VESIPIIBU TASS ALPHA Turk White Sand<\/h2>\n<p>Tuntud vesipiipude ja vesipiibutarvikute tootja ALPHA HOOKAH-l on uued k\u00e4sitsi valmistatud universaalsete kunstiliste tekstuuridega tassid. Tass on kaetud glasuuriga, mis ei ima siirupit, mis v\u00f5imaldab nautida rohkem v\u00e4ljendunud tubaka maitset.<br \/>\nTubaka mahutavus: 18-25g (olenevalt kasutatavast pakkimisviisist ja tubaka t\u00fc\u00fcbist).<\/p>\n<p><strong>Spetsifikatsioon:<\/strong><br \/>\nK\u00f5rgus: ~8cm<br \/>\nL\u00e4bim\u00f5\u00f5t: ~75mm<br \/>\nAukude arv: 5 tk<\/p>\n<p><strong>Omadused:<\/strong><br \/>\nT\u00fc\u00fcp: t\u00fcrgi<br \/>\nMaterjal: Saksa keraamika, glasuur<\/p>\n<p>Kas teil on k\u00fcsimusi? v\u00f5ta meiega \u00fchendust\u00a0<a href=\"https:\/\/hookahshop.lt\/et\/kontaktid\/\">kontaktide leht<\/a>\u00a0v\u00f5i saatke meile e-kiri aadressil\u00a0<a href=\"https:\/\/facebook.com\/HookahShop.lt\/\" target=\"_blank\" rel=\"noopener\">Facebooki konto<\/a>\u00a0ja vastame teie taotlusele samal p\u00e4eval.<\/p>","protected":false},"excerpt":{"rendered":"<p>Tass vesipiibu jaoks ALPHA Turk White Sand Tuntud vesipiibude ja vesipiibutarvikute tootja ALPHA HOOKAH uued k\u00e4sit\u00f6\u00f6na valminud topsid universaalse kunstilise tekstuuriga. Tass on kaetud glasuuriga, mis ei ima siirupit, mis v\u00f5imaldab nautida rohkem v\u00e4ljendunud tubaka maitset. Tubaka mahutavus: 18-25g (olenevalt kasutatavast pakkimisviisist ja tubaka t\u00fc\u00fcbist). Spetsifikatsioon: K\u00f5rgus: ~8cm L\u00e4bim\u00f5\u00f5t: ~75mm Aukude arv: 5tk Omadused: T\u00fc\u00fcp: T\u00fcrgi [\u2026]<\/p>","protected":false},"featured_media":35933,"comment_status":"open","ping_status":"closed","template":"","meta":[],"_links":{"self":[{"href":"https:\/\/hookahshop.lt\/et\/wp-json\/wp\/v2\/product\/35931"}],"collection":[{"href":"https:\/\/hookahshop.lt\/et\/wp-json\/wp\/v2\/product"}],"about":[{"href":"https:\/\/hookahshop.lt\/et\/wp-json\/wp\/v2\/types\/product"}],"replies":[{"embeddable":true,"href":"https:\/\/hookahshop.lt\/et\/wp-json\/wp\/v2\/comments?post=35931"}],"version-history":[{"count":3,"href":"https:\/\/hookahshop.lt\/et\/wp-json\/wp\/v2\/product\/35931\/revisions"}],"predecessor-version":[{"id":45638,"href":"https:\/\/hookahshop.lt\/et\/wp-json\/wp\/v2\/product\/35931\/revisions\/45638"}],"wp:featuredmedia":[{"embeddable":true,"href":"https:\/\/hookahshop.lt\/et\/wp-json\/wp\/v2\/media\/35933"}],"wp:attachment":[{"href":"https:\/\/hookahshop.lt\/et\/wp-json\/wp\/v2\/media?parent=35931"}],"curies":[{"name":"wp","href":"https:\/\/api.w.org\/{rel}","templated":true}]}}