{"id":35983,"date":"2023-05-05T20:09:52","date_gmt":"2023-05-05T17:09:52","guid":{"rendered":"https:\/\/hookahshop.lt\/?post_type=product&#038;p=35983"},"modified":"2026-04-06T23:29:30","modified_gmt":"2026-04-06T20:29:30","slug":"akriline-vandens-pypke-mini-ivairiu-spalvu-26cm","status":"publish","type":"product","link":"https:\/\/hookahshop.lt\/et\/toode\/akruul-veetoru-mini-erinevad-varvid-26cm\/","title":{"rendered":"Akr\u00fc\u00fclist veetoru Mini erinevaid v\u00e4rve 26cm"},"content":{"rendered":"<h2>Akr\u00fc\u00fclist veetoru Mini erinevaid v\u00e4rve 26cm<\/h2>\n<p>V\u00e4ike k\u00e4ep\u00e4rane metalltoruga akr\u00fc\u00fclbong. Mugav reisil v\u00f5i kodus. Sellel bongil on v\u00e4ike kummitihendiga l\u00f6\u00f6giauk ning paindlik ja eemaldatav alus stabiilsuse ja haarde tagamiseks.<\/p>\n<p><strong>Spetsifikatsioonid:<\/strong><br \/>\nK\u00f5rgus: 26 cm<br \/>\nMaterjal: akr\u00fc\u00fcl<br \/>\nV\u00e4rv: erinevad v\u00e4rvid (v\u00e4rvi saate m\u00e4rkustes m\u00e4\u00e4rata: <strong>must, sinine, roheline, roosa, l\u00e4bipaistev<\/strong>)<\/p>\n<p>Kas teil on k\u00fcsimusi? v\u00f5ta meiega \u00fchendust\u00a0<a href=\"https:\/\/hookahshop.lt\/et\/kontaktid\/\">kontaktide leht<\/a>\u00a0v\u00f5i saatke meile e-kiri aadressil\u00a0<a href=\"https:\/\/facebook.com\/HookahShop.lt\/\" target=\"_blank\" rel=\"noopener\">Facebooki konto<\/a>\u00a0ja vastame teie taotlusele samal p\u00e4eval.<\/p>","protected":false},"excerpt":{"rendered":"<p>Akr\u00fc\u00fclist veepiip Mini erinevates v\u00e4rvides 26cm V\u00e4ike ja mugav akr\u00fc\u00fclist bong metalltoruga. Mugav reisimiseks v\u00f5i koju kaasa v\u00f5tmiseks. Sellel bongil on v\u00e4ike &quot;jalaava&quot; kummist tihendiga ja painduv ning eemaldatav alus, mis tagab stabiilsuse ja haarde. Spetsifikatsioonid: K\u00f5rgus: 26cm Materjal: akr\u00fc\u00fcl V\u00e4rvus: Erinevad v\u00e4rvid (v\u00e4rvi saate m\u00e4rkida m\u00e4rkustesse: must, sinine, roheline, roosa, l\u00e4bipaistev) Kas teil on k\u00fcsimusi? V\u00f5tke \u00fchendust [\u2026]<\/p>","protected":false},"featured_media":36033,"comment_status":"open","ping_status":"closed","template":"","meta":[],"_links":{"self":[{"href":"https:\/\/hookahshop.lt\/et\/wp-json\/wp\/v2\/product\/35983"}],"collection":[{"href":"https:\/\/hookahshop.lt\/et\/wp-json\/wp\/v2\/product"}],"about":[{"href":"https:\/\/hookahshop.lt\/et\/wp-json\/wp\/v2\/types\/product"}],"replies":[{"embeddable":true,"href":"https:\/\/hookahshop.lt\/et\/wp-json\/wp\/v2\/comments?post=35983"}],"version-history":[{"count":5,"href":"https:\/\/hookahshop.lt\/et\/wp-json\/wp\/v2\/product\/35983\/revisions"}],"predecessor-version":[{"id":45167,"href":"https:\/\/hookahshop.lt\/et\/wp-json\/wp\/v2\/product\/35983\/revisions\/45167"}],"wp:featuredmedia":[{"embeddable":true,"href":"https:\/\/hookahshop.lt\/et\/wp-json\/wp\/v2\/media\/36033"}],"wp:attachment":[{"href":"https:\/\/hookahshop.lt\/et\/wp-json\/wp\/v2\/media?parent=35983"}],"curies":[{"name":"wp","href":"https:\/\/api.w.org\/{rel}","templated":true}]}}