{"id":36038,"date":"2023-05-07T00:17:31","date_gmt":"2023-05-06T21:17:31","guid":{"rendered":"https:\/\/hookahshop.lt\/?post_type=product&#038;p=36038"},"modified":"2026-04-26T23:30:03","modified_gmt":"2026-04-26T20:30:03","slug":"smulkintuvas-metalinis-black-leaf-grey-58mm","status":"publish","type":"product","link":"https:\/\/hookahshop.lt\/et\/toode\/purustaja-metall-must-lehehall-58mm\/","title":{"rendered":"Metallist hakkija BLACK LEAF Grey 58mm"},"content":{"rendered":"<h2>Metallist hakkija BLACK LEAF Grey 58mm<\/h2>\n<p>Kaheosaline purustaja on valmistatud kvaliteetsest alumiiniumist. Metallosade vahel olev nailonr\u00f5ngas tagab, et \u00fcrdiveski p\u00f6\u00f6rleb h\u00f5lpsalt ilma igasuguse pingutuseta.<\/p>\n<p><strong>Spetsifikatsioonid:<\/strong><br \/>\nK\u00f5rgus: 23mm<br \/>\nL\u00e4bim\u00f5\u00f5t: 62\/58 mm<br \/>\nV\u00e4rv: hall<br \/>\nMaterjal: Alumiinium<\/p>\n<p>Hakkija m\u00fc\u00fcakse koos kastiga.<\/p>\n<p>Kas teil on k\u00fcsimusi? v\u00f5ta meiega \u00fchendust\u00a0<a href=\"https:\/\/hookahshop.lt\/et\/kontaktid\/\">kontaktide leht<\/a>\u00a0v\u00f5i saatke meile e-kiri aadressil\u00a0<a href=\"https:\/\/facebook.com\/HookahShop.lt\/\" target=\"_blank\" rel=\"noopener\">Facebooki konto<\/a>\u00a0ja vastame teie taotlusele samal p\u00e4eval.<\/p>","protected":false},"excerpt":{"rendered":"<p>Metallist hakkija BLACK LEAF Grey 58mm Kaheosaline hakkija on valmistatud kvaliteetsest alumiiniumist. Metallosade vahel olev nailonr\u00f5ngas tagab, et \u00fcrdiveski p\u00f6\u00f6rleb h\u00f5lpsalt ilma igasuguse pingutuseta. Tehnilised andmed: K\u00f5rgus: 23mm L\u00e4bim\u00f5\u00f5t: 62\/58 mm V\u00e4rvus: Hall Materjal: Alumiinium Hakkurit m\u00fc\u00fcakse koos karbiga. Kas teil on k\u00fcsimusi? V\u00f5tke meiega \u00fchendust kontaktide lehel v\u00f5i kirjutage meile meie Facebooki kontol ja me vastame [\u2026]<\/p>","protected":false},"featured_media":36042,"comment_status":"open","ping_status":"closed","template":"","meta":[],"_links":{"self":[{"href":"https:\/\/hookahshop.lt\/et\/wp-json\/wp\/v2\/product\/36038"}],"collection":[{"href":"https:\/\/hookahshop.lt\/et\/wp-json\/wp\/v2\/product"}],"about":[{"href":"https:\/\/hookahshop.lt\/et\/wp-json\/wp\/v2\/types\/product"}],"replies":[{"embeddable":true,"href":"https:\/\/hookahshop.lt\/et\/wp-json\/wp\/v2\/comments?post=36038"}],"version-history":[{"count":2,"href":"https:\/\/hookahshop.lt\/et\/wp-json\/wp\/v2\/product\/36038\/revisions"}],"predecessor-version":[{"id":36098,"href":"https:\/\/hookahshop.lt\/et\/wp-json\/wp\/v2\/product\/36038\/revisions\/36098"}],"wp:featuredmedia":[{"embeddable":true,"href":"https:\/\/hookahshop.lt\/et\/wp-json\/wp\/v2\/media\/36042"}],"wp:attachment":[{"href":"https:\/\/hookahshop.lt\/et\/wp-json\/wp\/v2\/media?parent=36038"}],"curies":[{"name":"wp","href":"https:\/\/api.w.org\/{rel}","templated":true}]}}