{"id":36046,"date":"2023-05-07T00:37:57","date_gmt":"2023-05-06T21:37:57","guid":{"rendered":"https:\/\/hookahshop.lt\/?post_type=product&#038;p=36046"},"modified":"2026-04-15T12:29:35","modified_gmt":"2026-04-15T09:29:35","slug":"smulkintuvas-metalinis-black-leaf-black-52mm","status":"publish","type":"product","link":"https:\/\/hookahshop.lt\/et\/toode\/chopper-metall-must-leht-must-52mm\/","title":{"rendered":"Metallist hakkija BLACK LEAF Black 52mm"},"content":{"rendered":"<h2>Metallist hakkija BLACK LEAF Black 52mm<\/h2>\n<p>CNC-l\u00f5igatud alumiiniumhakkur rombikujuliste hammaste ja magnetkattega. Korpus: alumine kamber, veski.<\/p>\n<p><strong>Spetsifikatsioonid:<\/strong><br \/>\nK\u00f5rgus: 18mm<br \/>\nL\u00e4bim\u00f5\u00f5t: 55\/52 mm<br \/>\nV\u00e4rvus must<br \/>\nMaterjal: Alumiinium<\/p>\n<p>&nbsp;<\/p>\n<p>Kas teil on k\u00fcsimusi? v\u00f5ta meiega \u00fchendust\u00a0<a href=\"https:\/\/hookahshop.lt\/et\/kontaktid\/\">kontaktide leht<\/a>\u00a0v\u00f5i saatke meile e-kiri aadressil\u00a0<a href=\"https:\/\/facebook.com\/HookahShop.lt\/\" target=\"_blank\" rel=\"noopener\">Facebooki konto<\/a>\u00a0ja vastame teie taotlusele samal p\u00e4eval.<\/p>","protected":false},"excerpt":{"rendered":"<p>Metallist hakkija BLACK LEAF Black 52mm CNC-l\u00f5igatud alumiiniumist hakkija rombikujuliste hammaste ja magnetkattega. Korpus: alumine kamber, veski. Tehnilised andmed: K\u00f5rgus: 18mm L\u00e4bim\u00f5\u00f5t: 55\/52mm V\u00e4rv: Must Materjal: Alumiinium Kas on k\u00fcsimusi? V\u00f5tke meiega \u00fchendust kontaktide lehel v\u00f5i kirjutage meile meie Facebooki kontol ja vastame teie p\u00e4ringule samal p\u00e4eval.<\/p>","protected":false},"featured_media":36047,"comment_status":"open","ping_status":"closed","template":"","meta":[],"_links":{"self":[{"href":"https:\/\/hookahshop.lt\/et\/wp-json\/wp\/v2\/product\/36046"}],"collection":[{"href":"https:\/\/hookahshop.lt\/et\/wp-json\/wp\/v2\/product"}],"about":[{"href":"https:\/\/hookahshop.lt\/et\/wp-json\/wp\/v2\/types\/product"}],"replies":[{"embeddable":true,"href":"https:\/\/hookahshop.lt\/et\/wp-json\/wp\/v2\/comments?post=36046"}],"version-history":[{"count":3,"href":"https:\/\/hookahshop.lt\/et\/wp-json\/wp\/v2\/product\/36046\/revisions"}],"predecessor-version":[{"id":39677,"href":"https:\/\/hookahshop.lt\/et\/wp-json\/wp\/v2\/product\/36046\/revisions\/39677"}],"wp:featuredmedia":[{"embeddable":true,"href":"https:\/\/hookahshop.lt\/et\/wp-json\/wp\/v2\/media\/36047"}],"wp:attachment":[{"href":"https:\/\/hookahshop.lt\/et\/wp-json\/wp\/v2\/media?parent=36046"}],"curies":[{"name":"wp","href":"https:\/\/api.w.org\/{rel}","templated":true}]}}