{"id":36057,"date":"2023-05-07T01:34:39","date_gmt":"2023-05-06T22:34:39","guid":{"rendered":"https:\/\/hookahshop.lt\/?post_type=product&#038;p=36057"},"modified":"2026-04-06T23:29:30","modified_gmt":"2026-04-06T20:29:30","slug":"stikline-vandens-pypke-space-black-39cm","status":"publish","type":"product","link":"https:\/\/hookahshop.lt\/et\/toode\/klaas-veetoru-ruum-must-39cm\/","title":{"rendered":"Klaasist veetoru Space Black 39cm"},"content":{"rendered":"<h2>Klaasist veetoru Space Black 39cm<\/h2>\n<p>Black Spaceship k\u00e4sit\u00f6\u00f6na valmistatud klaasbong on valmistatud borosilikaatklaasist, sellel on j\u00e4\u00e4s\u00e4lgud, hajuti adapters\u00fcsteem, tass ja \u00fcleni on tr\u00fckitud v\u00e4rvilised ruumimotiivid. See veetoru annab meeldivalt sujuva suitsu, kuna bongi saab t\u00e4ita j\u00e4\u00e4kuubikutega.<\/p>\n<p><strong>Spetsifikatsioonid:<\/strong><br \/>\nK\u00f5rgus: 39 cm<br \/>\nL\u00e4bim\u00f5\u00f5t: 125\/50 mm<br \/>\nMaterjal: borosilikaatklaas<\/p>\n<p>Kas teil on k\u00fcsimusi? v\u00f5ta meiega \u00fchendust\u00a0<a href=\"https:\/\/hookahshop.lt\/et\/kontaktid\/\">kontaktide leht<\/a>\u00a0v\u00f5i saatke meile e-kiri aadressil\u00a0<a href=\"https:\/\/facebook.com\/HookahShop.lt\/\" target=\"_blank\" rel=\"noopener\">Facebooki konto<\/a>\u00a0ja vastame teie taotlusele samal p\u00e4eval.<\/p>\n<p>&nbsp;<\/p>","protected":false},"excerpt":{"rendered":"<p>Klaasist veetoru Space Must 39cm K\u00e4sitsi valmistatud klaasbong &quot;Black Spaceship&quot; on valmistatud borosilikaatklaasist, sellel on j\u00e4\u00e4s\u00e4lgud, hajuti adapters\u00fcsteem, tass ja kogu pinnale on tr\u00fckitud v\u00e4rvilised ruumimotiivid. See veetoru annab meeldivalt sujuva suitsu, kuna bongi saab t\u00e4ita j\u00e4\u00e4kuubikutega. Tehnilised andmed: K\u00f5rgus: 39cm L\u00e4bim\u00f5\u00f5t: 125\/50mm Materjal: Borosilikaatklaas K\u00fcsimused? V\u00f5tke \u00fchendust [\u2026]<\/p>","protected":false},"featured_media":36082,"comment_status":"open","ping_status":"closed","template":"","meta":[],"_links":{"self":[{"href":"https:\/\/hookahshop.lt\/et\/wp-json\/wp\/v2\/product\/36057"}],"collection":[{"href":"https:\/\/hookahshop.lt\/et\/wp-json\/wp\/v2\/product"}],"about":[{"href":"https:\/\/hookahshop.lt\/et\/wp-json\/wp\/v2\/types\/product"}],"replies":[{"embeddable":true,"href":"https:\/\/hookahshop.lt\/et\/wp-json\/wp\/v2\/comments?post=36057"}],"version-history":[{"count":5,"href":"https:\/\/hookahshop.lt\/et\/wp-json\/wp\/v2\/product\/36057\/revisions"}],"predecessor-version":[{"id":45311,"href":"https:\/\/hookahshop.lt\/et\/wp-json\/wp\/v2\/product\/36057\/revisions\/45311"}],"wp:featuredmedia":[{"embeddable":true,"href":"https:\/\/hookahshop.lt\/et\/wp-json\/wp\/v2\/media\/36082"}],"wp:attachment":[{"href":"https:\/\/hookahshop.lt\/et\/wp-json\/wp\/v2\/media?parent=36057"}],"curies":[{"name":"wp","href":"https:\/\/api.w.org\/{rel}","templated":true}]}}