{"id":36058,"date":"2023-05-07T01:06:28","date_gmt":"2023-05-06T22:06:28","guid":{"rendered":"https:\/\/hookahshop.lt\/?post_type=product&#038;p=36058"},"modified":"2026-04-26T23:30:03","modified_gmt":"2026-04-26T20:30:03","slug":"rinkinys-raw-metalineje-dezuteje","status":"publish","type":"product","link":"https:\/\/hookahshop.lt\/et\/toode\/komplekt-toores-metallis-karbis\/","title":{"rendered":"Komplekt RAW metallkarbis"},"content":{"rendered":"<h2>Komplekt RAW metallkarbis<\/h2>\n<p>RAW-i stardikarp, mis sisaldab valikut 1\u00bc suuruses paberitest ja 3 RAW-vormingus otsikut. K\u00f5ik pakendatud metallkarpi \u2013 valmis rullimiseks!<\/p>\n<p><strong>Karbi komplekt sisaldab:<\/strong><br \/>\nRAW klassikaline paber 1\u00bc<br \/>\nRAW klassikaline must paber 1\u00bc<br \/>\nTOOR Bio-Hanf paber 1\u00bc<br \/>\nRAW klassikaline lai paber<br \/>\nRAW n\u00e4pun\u00e4ited<br \/>\nRAW koonuse otsad on perforeeritud<br \/>\nRAW eelkeeratud n\u00e4pun\u00e4ited<\/p>\n<p>Kas teil on k\u00fcsimusi? v\u00f5ta meiega \u00fchendust\u00a0<a href=\"https:\/\/hookahshop.lt\/et\/kontaktid\/\">kontaktide leht<\/a>\u00a0v\u00f5i saatke meile e-kiri aadressil\u00a0<a href=\"https:\/\/facebook.com\/HookahShop.lt\/\" target=\"_blank\" rel=\"noopener\">Facebooki konto<\/a>\u00a0ja vastame teie taotlusele samal p\u00e4eval.<\/p>","protected":false},"excerpt":{"rendered":"<p>Komplekt RAW metallkarbis RAW stardikarp, mis sisaldab valikut 1\u00bc formaadis paberit ja 3 RAW nibu valikut. K\u00f5ik pakendatud metallkarpi \u2013 valmis rullimiseks! Karbikomplekt sisaldab: RAW klassikalist paberit 1\u00bc RAW klassikalist musta paberit 1\u00bc RAW Bio-Hanf paberit 1\u00bc RAW klassikalist laia paberit RAW otsikud RAW koonusotsad perforeeritud [\u2026]<\/p>","protected":false},"featured_media":36059,"comment_status":"open","ping_status":"closed","template":"","meta":[],"_links":{"self":[{"href":"https:\/\/hookahshop.lt\/et\/wp-json\/wp\/v2\/product\/36058"}],"collection":[{"href":"https:\/\/hookahshop.lt\/et\/wp-json\/wp\/v2\/product"}],"about":[{"href":"https:\/\/hookahshop.lt\/et\/wp-json\/wp\/v2\/types\/product"}],"replies":[{"embeddable":true,"href":"https:\/\/hookahshop.lt\/et\/wp-json\/wp\/v2\/comments?post=36058"}],"version-history":[{"count":2,"href":"https:\/\/hookahshop.lt\/et\/wp-json\/wp\/v2\/product\/36058\/revisions"}],"predecessor-version":[{"id":36101,"href":"https:\/\/hookahshop.lt\/et\/wp-json\/wp\/v2\/product\/36058\/revisions\/36101"}],"wp:featuredmedia":[{"embeddable":true,"href":"https:\/\/hookahshop.lt\/et\/wp-json\/wp\/v2\/media\/36059"}],"wp:attachment":[{"href":"https:\/\/hookahshop.lt\/et\/wp-json\/wp\/v2\/media?parent=36058"}],"curies":[{"name":"wp","href":"https:\/\/api.w.org\/{rel}","templated":true}]}}