{"id":36062,"date":"2023-05-07T01:15:33","date_gmt":"2023-05-06T22:15:33","guid":{"rendered":"https:\/\/hookahshop.lt\/?post_type=product&#038;p=36062"},"modified":"2026-04-14T23:29:36","modified_gmt":"2026-04-14T20:29:36","slug":"stikline-vandens-pypke-black-matte-30cm","status":"publish","type":"product","link":"https:\/\/hookahshop.lt\/et\/toode\/klaas-veetoru-must-matt-30cm\/","title":{"rendered":"Klaasist veetoru Must Matte 30cm"},"content":{"rendered":"<h2>Klaasist veetoru Must Matte 30cm<\/h2>\n<p>Matt must bong kahe auguga veekambris ja auguga t\u00f5mbetorus. Veetorul on l\u00f6\u00f6giava ja lehtertops.<\/p>\n<p><strong>Spetsifikatsioonid:<\/strong><br \/>\nK\u00f5rgus: 30 cm<br \/>\nMaterjal: borosilikaatklaas<\/p>\n<p>Kas teil on k\u00fcsimusi? v\u00f5ta meiega \u00fchendust\u00a0<a href=\"https:\/\/hookahshop.lt\/et\/kontaktid\/\">kontaktide leht<\/a>\u00a0v\u00f5i saatke meile e-kiri aadressil\u00a0<a href=\"https:\/\/facebook.com\/HookahShop.lt\/\" target=\"_blank\" rel=\"noopener\">Facebooki konto<\/a>\u00a0ja vastame teie taotlusele samal p\u00e4eval.<\/p>","protected":false},"excerpt":{"rendered":"<p>Klaasist veetoru Black Matte 30cm Matt must bong kahe auguga veekambris ja auguga t\u00f5mbetorus. Veetorul on l\u00f6\u00f6giava ja lehtertops. Tehnilised andmed: K\u00f5rgus: 30 cm Materjal: borosilikaatklaas Kas teil on k\u00fcsimusi? V\u00f5tke meiega \u00fchendust kontaktide lehel v\u00f5i kirjutage meile meie Facebooki kontol ja vastame teie p\u00e4ringule samal p\u00e4eval.<\/p>","protected":false},"featured_media":36063,"comment_status":"open","ping_status":"closed","template":"","meta":[],"_links":{"self":[{"href":"https:\/\/hookahshop.lt\/et\/wp-json\/wp\/v2\/product\/36062"}],"collection":[{"href":"https:\/\/hookahshop.lt\/et\/wp-json\/wp\/v2\/product"}],"about":[{"href":"https:\/\/hookahshop.lt\/et\/wp-json\/wp\/v2\/types\/product"}],"replies":[{"embeddable":true,"href":"https:\/\/hookahshop.lt\/et\/wp-json\/wp\/v2\/comments?post=36062"}],"version-history":[{"count":3,"href":"https:\/\/hookahshop.lt\/et\/wp-json\/wp\/v2\/product\/36062\/revisions"}],"predecessor-version":[{"id":40784,"href":"https:\/\/hookahshop.lt\/et\/wp-json\/wp\/v2\/product\/36062\/revisions\/40784"}],"wp:featuredmedia":[{"embeddable":true,"href":"https:\/\/hookahshop.lt\/et\/wp-json\/wp\/v2\/media\/36063"}],"wp:attachment":[{"href":"https:\/\/hookahshop.lt\/et\/wp-json\/wp\/v2\/media?parent=36062"}],"curies":[{"name":"wp","href":"https:\/\/api.w.org\/{rel}","templated":true}]}}