{"id":36066,"date":"2023-05-07T01:20:18","date_gmt":"2023-05-06T22:20:18","guid":{"rendered":"https:\/\/hookahshop.lt\/?post_type=product&#038;p=36066"},"modified":"2026-04-16T10:21:34","modified_gmt":"2026-04-16T07:21:34","slug":"akriline-vandens-pypke-jamaica-40cm","status":"publish","type":"product","link":"https:\/\/hookahshop.lt\/et\/toode\/akruul-veetoru-jamaica-40cm\/","title":{"rendered":"Akr\u00fc\u00fclist veetoru Jamaica 40cm"},"content":{"rendered":"<h2>Akr\u00fc\u00fclist veetoru Jamaica 40cm<\/h2>\n<p>Akr\u00fc\u00fcl, silindriline kuju kummist jalaga ja gradientv\u00e4rvi \u00fcleminekuga.<\/p>\n<p><strong>Spetsifikatsioonid:<\/strong><br \/>\nK\u00f5rgus: 40 cm<br \/>\nMaterjal: akr\u00fc\u00fcl<\/p>\n<p>&nbsp;<\/p>\n<p>Kas teil on k\u00fcsimusi? v\u00f5ta meiega \u00fchendust\u00a0<a href=\"https:\/\/hookahshop.lt\/et\/kontaktid\/\">kontaktide leht<\/a>\u00a0v\u00f5i saatke meile e-kiri aadressil\u00a0<a href=\"https:\/\/facebook.com\/HookahShop.lt\/\" target=\"_blank\" rel=\"noopener\">Facebooki konto<\/a>\u00a0ja vastame teie taotlusele samal p\u00e4eval.<\/p>","protected":false},"excerpt":{"rendered":"<p>Akr\u00fc\u00fclist veetoru Jamaica 40cm Akr\u00fc\u00fclist, silindrikujuline kummijala ja gradientv\u00e4rvi \u00fcleminekuga. Tehnilised andmed: K\u00f5rgus: 40 cm Materjal: Akr\u00fc\u00fcl Kas teil on k\u00fcsimusi? V\u00f5tke meiega \u00fchendust kontaktide lehel v\u00f5i kirjutage meile meie Facebooki kontol ja vastame teie p\u00e4ringule samal p\u00e4eval.<\/p>","protected":false},"featured_media":36067,"comment_status":"open","ping_status":"closed","template":"","meta":[],"_links":{"self":[{"href":"https:\/\/hookahshop.lt\/et\/wp-json\/wp\/v2\/product\/36066"}],"collection":[{"href":"https:\/\/hookahshop.lt\/et\/wp-json\/wp\/v2\/product"}],"about":[{"href":"https:\/\/hookahshop.lt\/et\/wp-json\/wp\/v2\/types\/product"}],"replies":[{"embeddable":true,"href":"https:\/\/hookahshop.lt\/et\/wp-json\/wp\/v2\/comments?post=36066"}],"version-history":[{"count":5,"href":"https:\/\/hookahshop.lt\/et\/wp-json\/wp\/v2\/product\/36066\/revisions"}],"predecessor-version":[{"id":45200,"href":"https:\/\/hookahshop.lt\/et\/wp-json\/wp\/v2\/product\/36066\/revisions\/45200"}],"wp:featuredmedia":[{"embeddable":true,"href":"https:\/\/hookahshop.lt\/et\/wp-json\/wp\/v2\/media\/36067"}],"wp:attachment":[{"href":"https:\/\/hookahshop.lt\/et\/wp-json\/wp\/v2\/media?parent=36066"}],"curies":[{"name":"wp","href":"https:\/\/api.w.org\/{rel}","templated":true}]}}