{"id":36072,"date":"2023-05-07T01:25:17","date_gmt":"2023-05-06T22:25:17","guid":{"rendered":"https:\/\/hookahshop.lt\/?post_type=product&#038;p=36072"},"modified":"2026-04-06T23:29:30","modified_gmt":"2026-04-06T20:29:30","slug":"akriline-vandens-pypke-yellow-30cm","status":"publish","type":"product","link":"https:\/\/hookahshop.lt\/et\/toode\/akruul-veetoru-kollane-30cm\/","title":{"rendered":"Akr\u00fc\u00fclist veetoru Kollane 30cm"},"content":{"rendered":"<h2>Akr\u00fc\u00fclist veetoru Kollane 30 cm<\/h2>\n<p>T\u00e4ppidega. Praktiline reisil ja kodus. Jalg on ohutuks transpordiks eemaldatav ning t\u0161illi saab eemaldada ja lahti keerata.<\/p>\n<p><strong>Spetsifikatsioonid:<\/strong><br \/>\nK\u00f5rgus: 30 cm<br \/>\nV\u00e4rvus: kollane<br \/>\nMaterjal: akr\u00fc\u00fcl<\/p>\n<p>Kas teil on k\u00fcsimusi? v\u00f5ta meiega \u00fchendust\u00a0<a href=\"https:\/\/hookahshop.lt\/et\/kontaktid\/\">kontaktide leht<\/a>\u00a0v\u00f5i saatke meile e-kiri aadressil\u00a0<a href=\"https:\/\/facebook.com\/HookahShop.lt\/\" target=\"_blank\" rel=\"noopener\">Facebooki konto<\/a>\u00a0ja vastame teie taotlusele samal p\u00e4eval.<\/p>\n<p>&nbsp;<\/p>","protected":false},"excerpt":{"rendered":"<p>Akr\u00fc\u00fclist veetoru Kollane 30 cm T\u00e4ppidega. Praktiline reisil ja kodus. Jalg on ohutuks transpordiks eemaldatav ning t\u0161illi saab eemaldada ja lahti keerata. Tehnilised andmed: K\u00f5rgus: 30 cm V\u00e4rv: Kollane Materjal: Akr\u00fc\u00fcl Kas teil on k\u00fcsimusi? V\u00f5tke meiega \u00fchendust kontaktide lehel v\u00f5i kirjutage meile meie Facebooki kontol ja vastame teie p\u00e4ringule samal p\u00e4eval. &nbsp;<\/p>","protected":false},"featured_media":36073,"comment_status":"open","ping_status":"closed","template":"","meta":[],"_links":{"self":[{"href":"https:\/\/hookahshop.lt\/et\/wp-json\/wp\/v2\/product\/36072"}],"collection":[{"href":"https:\/\/hookahshop.lt\/et\/wp-json\/wp\/v2\/product"}],"about":[{"href":"https:\/\/hookahshop.lt\/et\/wp-json\/wp\/v2\/types\/product"}],"replies":[{"embeddable":true,"href":"https:\/\/hookahshop.lt\/et\/wp-json\/wp\/v2\/comments?post=36072"}],"version-history":[{"count":4,"href":"https:\/\/hookahshop.lt\/et\/wp-json\/wp\/v2\/product\/36072\/revisions"}],"predecessor-version":[{"id":36096,"href":"https:\/\/hookahshop.lt\/et\/wp-json\/wp\/v2\/product\/36072\/revisions\/36096"}],"wp:featuredmedia":[{"embeddable":true,"href":"https:\/\/hookahshop.lt\/et\/wp-json\/wp\/v2\/media\/36073"}],"wp:attachment":[{"href":"https:\/\/hookahshop.lt\/et\/wp-json\/wp\/v2\/media?parent=36072"}],"curies":[{"name":"wp","href":"https:\/\/api.w.org\/{rel}","templated":true}]}}