{"id":36078,"date":"2023-05-07T01:30:30","date_gmt":"2023-05-06T22:30:30","guid":{"rendered":"https:\/\/hookahshop.lt\/?post_type=product&#038;p=36078"},"modified":"2026-04-06T23:29:30","modified_gmt":"2026-04-06T20:29:30","slug":"akriline-vandens-pypke-gray-30cm","status":"publish","type":"product","link":"https:\/\/hookahshop.lt\/et\/toode\/akruul-veetoru-hall-30cm\/","title":{"rendered":"Akr\u00fc\u00fclist veetoru Hall 30cm"},"content":{"rendered":"<h2>Akr\u00fc\u00fclist veetoru Hall 30cm<\/h2>\n<p>Must akr\u00fc\u00fclbong v\u00e4ikeste t\u00e4ppidega. Praktiline reisil ja kodus. Jalg on ohutuks transpordiks eemaldatav ning t\u0161illi saab eemaldada ja lahti keerata.<\/p>\n<p><strong>Spetsifikatsioonid:<\/strong><br \/>\nK\u00f5rgus: 30 cm<br \/>\nV\u00e4rvus must<br \/>\nMaterjal: akr\u00fc\u00fcl<\/p>\n<p>Kas teil on k\u00fcsimusi? v\u00f5ta meiega \u00fchendust\u00a0<a href=\"https:\/\/hookahshop.lt\/et\/kontaktid\/\">kontaktide leht<\/a>\u00a0v\u00f5i saatke meile e-kiri aadressil\u00a0<a href=\"https:\/\/facebook.com\/HookahShop.lt\/\" target=\"_blank\" rel=\"noopener\">Facebooki konto<\/a>\u00a0ja vastame teie taotlusele samal p\u00e4eval.<\/p>","protected":false},"excerpt":{"rendered":"<p>Akr\u00fc\u00fclist veetoru Hall 30cm Must akr\u00fc\u00fclbong v\u00e4ikeste t\u00e4ppidega. Praktiline reisil ja kodus. Jalg on ohutuks transpordiks eemaldatav ning t\u0161illi saab eemaldada ja lahti keerata. Tehnilised andmed: K\u00f5rgus: 30cm V\u00e4rv: Must Materjal: Akr\u00fc\u00fcl Kas teil on k\u00fcsimusi? V\u00f5tke meiega \u00fchendust kontaktide lehel v\u00f5i kirjutage meile meie Facebooki kontol ja vastame teie p\u00e4ringule samal p\u00e4eval.<\/p>","protected":false},"featured_media":41320,"comment_status":"open","ping_status":"closed","template":"","meta":[],"_links":{"self":[{"href":"https:\/\/hookahshop.lt\/et\/wp-json\/wp\/v2\/product\/36078"}],"collection":[{"href":"https:\/\/hookahshop.lt\/et\/wp-json\/wp\/v2\/product"}],"about":[{"href":"https:\/\/hookahshop.lt\/et\/wp-json\/wp\/v2\/types\/product"}],"replies":[{"embeddable":true,"href":"https:\/\/hookahshop.lt\/et\/wp-json\/wp\/v2\/comments?post=36078"}],"version-history":[{"count":3,"href":"https:\/\/hookahshop.lt\/et\/wp-json\/wp\/v2\/product\/36078\/revisions"}],"predecessor-version":[{"id":45199,"href":"https:\/\/hookahshop.lt\/et\/wp-json\/wp\/v2\/product\/36078\/revisions\/45199"}],"wp:featuredmedia":[{"embeddable":true,"href":"https:\/\/hookahshop.lt\/et\/wp-json\/wp\/v2\/media\/41320"}],"wp:attachment":[{"href":"https:\/\/hookahshop.lt\/et\/wp-json\/wp\/v2\/media?parent=36078"}],"curies":[{"name":"wp","href":"https:\/\/api.w.org\/{rel}","templated":true}]}}