{"id":36205,"date":"2023-05-18T15:11:50","date_gmt":"2023-05-18T12:11:50","guid":{"rendered":"https:\/\/hookahshop.lt\/?post_type=product&#038;p=36205"},"modified":"2026-04-06T23:29:30","modified_gmt":"2026-04-06T20:29:30","slug":"krepsys-kaljanui-hoob-long","status":"publish","type":"product","link":"https:\/\/hookahshop.lt\/et\/toode\/vesipiibu-korvi-hoobi-pikk\/","title":{"rendered":"Vesipiibu kott HOOB Long"},"content":{"rendered":"<h2>Vesipiibu kott HOOB Long<\/h2>\n<p>M\u00f5eldud vesipiibu ja v\u00e4ikeste tarvikute turvaliseks hoidmiseks ja kandmiseks. Pikk kott mugavaks transportimiseks ja kuni 80 cm pikkuste vesipiipude kandmiseks.<br \/>\nKott on polsterdatud ja selle sees on spetsiaalsed kinnitused.<br \/>\nM\u00f5eldud 60-80 cm pikkuste vesipiipude kandmiseks. Sellel on ka lisataskud v\u00e4ikeste asjade jaoks.<\/p>\n<p><strong>Spetsifikatsioon:<\/strong><br \/>\nMaterjal: vahatatud l\u00f5uend ja ehtne nahk.<br \/>\nM\u00f5\u00f5dud: ~80cm<\/p>\n<p>Kas teil on k\u00fcsimusi? v\u00f5ta meiega \u00fchendust\u00a0<a href=\"https:\/\/hookahshop.lt\/et\/kontaktid\/\">kontaktide leht<\/a>\u00a0v\u00f5i saatke meile e-kiri aadressil\u00a0<a href=\"https:\/\/facebook.com\/HookahShop.lt\/\" target=\"_blank\" rel=\"noopener noreferrer\">Facebooki konto<\/a> ja vastame teie taotlusele samal p\u00e4eval.<\/p>","protected":false},"excerpt":{"rendered":"<p>Vesipiibu kott HOOB Long M\u00f5eldud vesipiibu ja v\u00e4ikeste tarvikute turvaliseks hoidmiseks ja kandmiseks. Pikk kott mugavaks transportimiseks ja kuni 80 cm pikkuste vesipiipude kandmiseks. Kott on polsterdatud ja selle sees on spetsiaalsed kinnitused. M\u00f5eldud 60-80 cm pikkuste vesipiipude kandmiseks. Sellel on ka lisataskud v\u00e4ikeste asjade jaoks. Spetsifikatsioon: Materjal: vahatatud l\u00f5uend ja looduslik [...]<\/p>","protected":false},"featured_media":36212,"comment_status":"open","ping_status":"closed","template":"","meta":[],"_links":{"self":[{"href":"https:\/\/hookahshop.lt\/et\/wp-json\/wp\/v2\/product\/36205"}],"collection":[{"href":"https:\/\/hookahshop.lt\/et\/wp-json\/wp\/v2\/product"}],"about":[{"href":"https:\/\/hookahshop.lt\/et\/wp-json\/wp\/v2\/types\/product"}],"replies":[{"embeddable":true,"href":"https:\/\/hookahshop.lt\/et\/wp-json\/wp\/v2\/comments?post=36205"}],"version-history":[{"count":2,"href":"https:\/\/hookahshop.lt\/et\/wp-json\/wp\/v2\/product\/36205\/revisions"}],"predecessor-version":[{"id":36210,"href":"https:\/\/hookahshop.lt\/et\/wp-json\/wp\/v2\/product\/36205\/revisions\/36210"}],"wp:featuredmedia":[{"embeddable":true,"href":"https:\/\/hookahshop.lt\/et\/wp-json\/wp\/v2\/media\/36212"}],"wp:attachment":[{"href":"https:\/\/hookahshop.lt\/et\/wp-json\/wp\/v2\/media?parent=36205"}],"curies":[{"name":"wp","href":"https:\/\/api.w.org\/{rel}","templated":true}]}}