{"id":36213,"date":"2023-05-18T15:42:55","date_gmt":"2023-05-18T12:42:55","guid":{"rendered":"https:\/\/hookahshop.lt\/?post_type=product&#038;p=36213"},"modified":"2026-04-06T23:29:30","modified_gmt":"2026-04-06T20:29:30","slug":"krepsys-kaljanui-ykap","status":"publish","type":"product","link":"https:\/\/hookahshop.lt\/et\/toode\/korvid-vesipiip-ykap\/","title":{"rendered":"Kott vesipiibu jaoks YKAP"},"content":{"rendered":"<h2>Kott vesipiibu jaoks YKAP<\/h2>\n<p>M\u00f5eldud vesipiibu ja v\u00e4ikeste tarvikute turvaliseks hoidmiseks ja kandmiseks. Polsterdatud kotil on mugavad k\u00e4epidemed ja sisetaskud torude osade hoidmiseks, mist\u00f5ttu on see ideaalne reisimiseks!<\/p>\n<p><strong>Spetsifikatsioon:<\/strong><br \/>\nPikkus: ~80cm<\/p>\n<p>Kas teil on k\u00fcsimusi? v\u00f5ta meiega \u00fchendust\u00a0<a href=\"https:\/\/hookahshop.lt\/et\/kontaktid\/\">kontaktide leht<\/a>\u00a0v\u00f5i saatke meile e-kiri aadressil\u00a0<a href=\"https:\/\/facebook.com\/HookahShop.lt\/\" target=\"_blank\" rel=\"noopener noreferrer\">Facebooki konto<\/a> ja vastame teie taotlusele samal p\u00e4eval.<\/p>","protected":false},"excerpt":{"rendered":"<p>Vesipiibu kott YKAP M\u00f5eldud vesipiibu ja v\u00e4ikeste tarvikute turvaliseks hoidmiseks ja kandmiseks. Polsterdatud kotil on mugavad k\u00e4epidemed ja sisetaskud torude osade hoidmiseks, mist\u00f5ttu on see ideaalne reisimiseks! Spetsifikatsioon: Pikkus: ~80cm Kas teil on k\u00fcsimusi? V\u00f5tke meiega \u00fchendust kontaktide lehel v\u00f5i kirjutage meile meie Facebooki kontol ja vastame teie p\u00e4ringule samal p\u00e4eval.<\/p>","protected":false},"featured_media":36214,"comment_status":"open","ping_status":"closed","template":"","meta":[],"_links":{"self":[{"href":"https:\/\/hookahshop.lt\/et\/wp-json\/wp\/v2\/product\/36213"}],"collection":[{"href":"https:\/\/hookahshop.lt\/et\/wp-json\/wp\/v2\/product"}],"about":[{"href":"https:\/\/hookahshop.lt\/et\/wp-json\/wp\/v2\/types\/product"}],"replies":[{"embeddable":true,"href":"https:\/\/hookahshop.lt\/et\/wp-json\/wp\/v2\/comments?post=36213"}],"version-history":[{"count":4,"href":"https:\/\/hookahshop.lt\/et\/wp-json\/wp\/v2\/product\/36213\/revisions"}],"predecessor-version":[{"id":36221,"href":"https:\/\/hookahshop.lt\/et\/wp-json\/wp\/v2\/product\/36213\/revisions\/36221"}],"wp:featuredmedia":[{"embeddable":true,"href":"https:\/\/hookahshop.lt\/et\/wp-json\/wp\/v2\/media\/36214"}],"wp:attachment":[{"href":"https:\/\/hookahshop.lt\/et\/wp-json\/wp\/v2\/media?parent=36213"}],"curies":[{"name":"wp","href":"https:\/\/api.w.org\/{rel}","templated":true}]}}