{"id":36217,"date":"2023-05-18T16:40:39","date_gmt":"2023-05-18T13:40:39","guid":{"rendered":"https:\/\/hookahshop.lt\/?post_type=product&#038;p=36217"},"modified":"2026-04-15T23:29:30","modified_gmt":"2026-04-15T20:29:30","slug":"sakute-kaljano-tabakui-silver","status":"publish","type":"product","link":"https:\/\/hookahshop.lt\/et\/toode\/sakute-vesipiip-tubakas-hobe\/","title":{"rendered":"Kahvel vesipiibu tubaka jaoks H\u00f5bedane"},"content":{"rendered":"<h2>Kahvel vesipiibu tubaka jaoks H\u00f5bedane<\/h2>\n<p>Loodud t\u00e4iusliku tassi pakkimiseks puhaste k\u00e4tega.<\/p>\n<p><strong>Spetsifikatsioon:<\/strong><br \/>\nPikkus: 13 cm<br \/>\nMaterjal: Metall<br \/>\nV\u00e4rv: h\u00f5bedane<\/p>\n<p>Kas teil on k\u00fcsimusi? v\u00f5ta meiega \u00fchendust\u00a0<a href=\"https:\/\/hookahshop.lt\/et\/kontaktid\/\">kontaktide leht<\/a>\u00a0v\u00f5i saatke meile e-kiri aadressil\u00a0<a href=\"https:\/\/facebook.com\/HookahShop.lt\/\" target=\"_blank\" rel=\"noopener noreferrer\">Facebooki konto<\/a>\u00a0ja vastame teie taotlusele samal p\u00e4eval.<\/p>\n<p>&nbsp;<\/p>","protected":false},"excerpt":{"rendered":"<p>Kahvel vesipiibu tubaka jaoks H\u00f5bedane Loodud t\u00e4iusliku tassi pakkimiseks puhaste k\u00e4tega. Spetsifikatsioon: Pikkus: 13cm Materjal: Metall V\u00e4rvus: H\u00f5bedane Kas teil on k\u00fcsimusi? V\u00f5tke meiega \u00fchendust kontaktide lehel v\u00f5i kirjutage meile meie Facebooki kontol ja vastame teie p\u00e4ringule samal p\u00e4eval. &nbsp;<\/p>","protected":false},"featured_media":36218,"comment_status":"open","ping_status":"closed","template":"","meta":[],"_links":{"self":[{"href":"https:\/\/hookahshop.lt\/et\/wp-json\/wp\/v2\/product\/36217"}],"collection":[{"href":"https:\/\/hookahshop.lt\/et\/wp-json\/wp\/v2\/product"}],"about":[{"href":"https:\/\/hookahshop.lt\/et\/wp-json\/wp\/v2\/types\/product"}],"replies":[{"embeddable":true,"href":"https:\/\/hookahshop.lt\/et\/wp-json\/wp\/v2\/comments?post=36217"}],"version-history":[{"count":4,"href":"https:\/\/hookahshop.lt\/et\/wp-json\/wp\/v2\/product\/36217\/revisions"}],"predecessor-version":[{"id":44424,"href":"https:\/\/hookahshop.lt\/et\/wp-json\/wp\/v2\/product\/36217\/revisions\/44424"}],"wp:featuredmedia":[{"embeddable":true,"href":"https:\/\/hookahshop.lt\/et\/wp-json\/wp\/v2\/media\/36218"}],"wp:attachment":[{"href":"https:\/\/hookahshop.lt\/et\/wp-json\/wp\/v2\/media?parent=36217"}],"curies":[{"name":"wp","href":"https:\/\/api.w.org\/{rel}","templated":true}]}}