{"id":36297,"date":"2023-06-10T13:28:29","date_gmt":"2023-06-10T10:28:29","guid":{"rendered":"https:\/\/hookahshop.lt\/?post_type=product&#038;p=36297"},"modified":"2026-04-18T23:29:23","modified_gmt":"2026-04-18T20:29:23","slug":"taurele-kaljanui-darkside-shot","status":"publish","type":"product","link":"https:\/\/hookahshop.lt\/et\/toode\/vesipiibu-klaas-pimedas-shot\/","title":{"rendered":"Tass vesipiibu jaoks DARKSIDE Shot"},"content":{"rendered":"<h2>Tass vesipiibu jaoks DARKSIDE Shot<\/h2>\n<p>Mahutab v\u00e4ikese koguse tubakat ning sellel on suurep\u00e4rane j\u00f5udlus ja intensiivne maitse. Darkside on kvaliteetsete vesipiibutoodete kaubam\u00e4rk, mida hindavad paljud vesipiibu kasutajad.<br \/>\nTassit\u00e4is tubakat mahutab 15-20 g.<\/p>\n<p><strong>Spetsifikatsioonid:<\/strong><br \/>\nL\u00e4bim\u00f5\u00f5t: 7,5 cm<br \/>\nK\u00f5rgus: 8 cm<br \/>\nMaterjal: savi<br \/>\nV\u00e4rvus must<\/p>\n<p>Kas teil on k\u00fcsimusi? v\u00f5ta meiega \u00fchendust\u00a0<a href=\"https:\/\/hookahshop.lt\/et\/kontaktid\/\">kontaktide leht<\/a>\u00a0v\u00f5i saatke meile e-kiri aadressil\u00a0<a href=\"https:\/\/facebook.com\/HookahShop.lt\/\" target=\"_blank\" rel=\"noopener\">Facebooki konto<\/a>\u00a0ja vastame teie taotlusele samal p\u00e4eval.<\/p>\n<p>&nbsp;<\/p>","protected":false},"excerpt":{"rendered":"<p>Vesipiibu tass DARKSIDE Shot Mahutab v\u00e4he tubakat ja on suurep\u00e4rase j\u00f5udlusega ja annab intensiivse maitse. Darkside on kvaliteetsete vesipiibutoodete kaubam\u00e4rk, mida hindavad paljud vesipiibu kasutajad. Tassit\u00e4is tubakat mahutab 15-20 g. Tehnilised andmed: L\u00e4bim\u00f5\u00f5t: 7,5 cm K\u00f5rgus: 8 cm Materjal: Savi V\u00e4rv: Must Kas teil on k\u00fcsimusi? V\u00f5tke meiega \u00fchendust kontaktide lehel v\u00f5i kirjutage meile meie Facebooki kontol ja me vastame [\u2026]<\/p>","protected":false},"featured_media":36301,"comment_status":"open","ping_status":"closed","template":"","meta":[],"_links":{"self":[{"href":"https:\/\/hookahshop.lt\/et\/wp-json\/wp\/v2\/product\/36297"}],"collection":[{"href":"https:\/\/hookahshop.lt\/et\/wp-json\/wp\/v2\/product"}],"about":[{"href":"https:\/\/hookahshop.lt\/et\/wp-json\/wp\/v2\/types\/product"}],"replies":[{"embeddable":true,"href":"https:\/\/hookahshop.lt\/et\/wp-json\/wp\/v2\/comments?post=36297"}],"version-history":[{"count":4,"href":"https:\/\/hookahshop.lt\/et\/wp-json\/wp\/v2\/product\/36297\/revisions"}],"predecessor-version":[{"id":45711,"href":"https:\/\/hookahshop.lt\/et\/wp-json\/wp\/v2\/product\/36297\/revisions\/45711"}],"wp:featuredmedia":[{"embeddable":true,"href":"https:\/\/hookahshop.lt\/et\/wp-json\/wp\/v2\/media\/36301"}],"wp:attachment":[{"href":"https:\/\/hookahshop.lt\/et\/wp-json\/wp\/v2\/media?parent=36297"}],"curies":[{"name":"wp","href":"https:\/\/api.w.org\/{rel}","templated":true}]}}