{"id":36304,"date":"2023-06-10T15:25:49","date_gmt":"2023-06-10T12:25:49","guid":{"rendered":"https:\/\/hookahshop.lt\/?post_type=product&#038;p=36304"},"modified":"2026-04-06T23:29:31","modified_gmt":"2026-04-06T20:29:31","slug":"taurele-kaljanui-vyro-phunnel-helsinki","status":"publish","type":"product","link":"https:\/\/hookahshop.lt\/et\/toode\/tass-vesipiip-mehe-phunnel-helsingi-jaoks\/","title":{"rendered":"Vesipiibu karikas MEHED Phunnel Helsinki"},"content":{"rendered":"<h2>Vesipiibu karikas MEHED Phunnel Helsinki<\/h2>\n<p>T\u00e4nu oma ainulaadsele ja kompaktsele disainile on tass ideaalne reisikaaslane. Tass on t\u00e4ielikult glasuuritud, et tagada optimaalne soojusjaotus ja teie lemmiktubaka soovitud maitse.<br \/>\nTassit\u00e4is tubakat mahutab 12-15 g.<\/p>\n<p><strong>Spetsifikatsioonid:<\/strong><br \/>\nL\u00e4bim\u00f5\u00f5t: 7 cm<br \/>\nK\u00f5rgus: 4 cm<br \/>\nMaterjal: savi<br \/>\nV\u00e4rv: must, valge<\/p>\n<p>Kas teil on k\u00fcsimusi? v\u00f5ta meiega \u00fchendust\u00a0<a href=\"https:\/\/hookahshop.lt\/et\/kontaktid\/\">kontaktide leht<\/a>\u00a0v\u00f5i saatke meile e-kiri aadressil\u00a0<a href=\"https:\/\/facebook.com\/HookahShop.lt\/\" target=\"_blank\" rel=\"noopener\">Facebooki konto<\/a>\u00a0ja vastame teie taotlusele samal p\u00e4eval.<\/p>","protected":false},"excerpt":{"rendered":"<p>Vesipiibu tass MEN Phunnel Helsinki T\u00e4nu oma ainulaadsele ja kompaktsele disainile on tass ideaalne reisikaaslane. Tass on t\u00e4ielikult glasuuritud, et tagada optimaalne soojusjaotus ja teie lemmiktubaka soovitud maitse. Tassit\u00e4is tubakat mahutab 12-15 g. Tehnilised andmed: L\u00e4bim\u00f5\u00f5t: 7 cm K\u00f5rgus: 4 cm Materjal: savi V\u00e4rvus: must, valge Kas teil on k\u00fcsimusi? V\u00f5tke meiega \u00fchendust kontaktide lehel v\u00f5i kirjutage meile Facebookis [...]<\/p>","protected":false},"featured_media":36305,"comment_status":"open","ping_status":"closed","template":"","meta":[],"_links":{"self":[{"href":"https:\/\/hookahshop.lt\/et\/wp-json\/wp\/v2\/product\/36304"}],"collection":[{"href":"https:\/\/hookahshop.lt\/et\/wp-json\/wp\/v2\/product"}],"about":[{"href":"https:\/\/hookahshop.lt\/et\/wp-json\/wp\/v2\/types\/product"}],"replies":[{"embeddable":true,"href":"https:\/\/hookahshop.lt\/et\/wp-json\/wp\/v2\/comments?post=36304"}],"version-history":[{"count":2,"href":"https:\/\/hookahshop.lt\/et\/wp-json\/wp\/v2\/product\/36304\/revisions"}],"predecessor-version":[{"id":36307,"href":"https:\/\/hookahshop.lt\/et\/wp-json\/wp\/v2\/product\/36304\/revisions\/36307"}],"wp:featuredmedia":[{"embeddable":true,"href":"https:\/\/hookahshop.lt\/et\/wp-json\/wp\/v2\/media\/36305"}],"wp:attachment":[{"href":"https:\/\/hookahshop.lt\/et\/wp-json\/wp\/v2\/media?parent=36304"}],"curies":[{"name":"wp","href":"https:\/\/api.w.org\/{rel}","templated":true}]}}