{"id":36316,"date":"2023-06-10T15:42:47","date_gmt":"2023-06-10T12:42:47","guid":{"rendered":"https:\/\/hookahshop.lt\/?post_type=product&#038;p=36316"},"modified":"2026-04-15T23:29:30","modified_gmt":"2026-04-15T20:29:30","slug":"taurele-kaljanui-target-phunnel-yellow-white","status":"publish","type":"product","link":"https:\/\/hookahshop.lt\/et\/toode\/tass-vesipiip-sihtlehter-kollane-valge\/","title":{"rendered":"Vesipiibu tass TARGET Phunnel Yellow White"},"content":{"rendered":"<h2>Vesipiibu tass TARGET Phunnel Yellow White<\/h2>\n<p>Kergesti t\u00f5mmatav tass on valmistatud kvaliteetsest savist. Kuumutati mitu korda, et tass kauem vastu peaks.<br \/>\nTubakatops mahutab 18-23 g.<\/p>\n<p><strong>Spetsifikatsioonid:<\/strong><br \/>\nLiik: phunnel<br \/>\nL\u00e4bim\u00f5\u00f5t: 7,5 cm<br \/>\nK\u00f5rgus: 11,5 cm<br \/>\nMaterjal: savi<br \/>\nV\u00e4rv: valge, kollane<\/p>\n<p>Kas teil on k\u00fcsimusi? v\u00f5ta meiega \u00fchendust\u00a0<a href=\"https:\/\/hookahshop.lt\/et\/kontaktid\/\">kontaktide leht<\/a>\u00a0v\u00f5i saatke meile e-kiri aadressil\u00a0<a href=\"https:\/\/facebook.com\/HookahShop.lt\/\" target=\"_blank\" rel=\"noopener\">Facebooki konto<\/a>\u00a0ja vastame teie taotlusele samal p\u00e4eval.<\/p>\n<p>&nbsp;<\/p>","protected":false},"excerpt":{"rendered":"<p>Vesipiibukauss TARGET Phunnel Yellow White Hele kvaliteetsest savist valmistatud kauss. Kuumutati mitu korda, et tass kauem vastu peaks. Tubakatops mahutab 18-23 g. Tehnilised andmed: T\u00fc\u00fcp: phunnel L\u00e4bim\u00f5\u00f5t: 7,5 cm K\u00f5rgus: 11,5 cm Materjal: savi V\u00e4rvus: valge, kollane Kas teil on k\u00fcsimusi? V\u00f5tke meiega \u00fchendust kontaktide lehel v\u00f5i kirjutage meile meie Facebooki kontol ja me vastame [\u2026]<\/p>","protected":false},"featured_media":36317,"comment_status":"open","ping_status":"closed","template":"","meta":[],"_links":{"self":[{"href":"https:\/\/hookahshop.lt\/et\/wp-json\/wp\/v2\/product\/36316"}],"collection":[{"href":"https:\/\/hookahshop.lt\/et\/wp-json\/wp\/v2\/product"}],"about":[{"href":"https:\/\/hookahshop.lt\/et\/wp-json\/wp\/v2\/types\/product"}],"replies":[{"embeddable":true,"href":"https:\/\/hookahshop.lt\/et\/wp-json\/wp\/v2\/comments?post=36316"}],"version-history":[{"count":3,"href":"https:\/\/hookahshop.lt\/et\/wp-json\/wp\/v2\/product\/36316\/revisions"}],"predecessor-version":[{"id":45725,"href":"https:\/\/hookahshop.lt\/et\/wp-json\/wp\/v2\/product\/36316\/revisions\/45725"}],"wp:featuredmedia":[{"embeddable":true,"href":"https:\/\/hookahshop.lt\/et\/wp-json\/wp\/v2\/media\/36317"}],"wp:attachment":[{"href":"https:\/\/hookahshop.lt\/et\/wp-json\/wp\/v2\/media?parent=36316"}],"curies":[{"name":"wp","href":"https:\/\/api.w.org\/{rel}","templated":true}]}}