{"id":36336,"date":"2023-06-10T16:05:09","date_gmt":"2023-06-10T13:05:09","guid":{"rendered":"https:\/\/hookahshop.lt\/?post_type=product&#038;p=36336"},"modified":"2026-04-15T23:29:31","modified_gmt":"2026-04-15T20:29:31","slug":"taurele-kaljanui-moon-phunnel-green","status":"publish","type":"product","link":"https:\/\/hookahshop.lt\/et\/toode\/tass-vesipiip-kuu-lehter-roheline\/","title":{"rendered":"Vesipiibu tass MOON Phunnel Green"},"content":{"rendered":"<h2>Vesipiibu tass MOON Phunnel Green<\/h2>\n<p>K\u00e4sitsi valmistatud, suurep\u00e4rane t\u00f6\u00f6tlus, valmistatud kvaliteetsest savist, glasuuritud tass. Kvaliteetne savi ja glasuur on ideaalne kombinatsioon. Tass sobib nii tumedale kui heledale tubakale.<br \/>\nTassi maht on umbes 15 g (olenevalt kasutatavast pakkimisviisist).<br \/>\nTopsis oleva tubaka jaotamiseks on kinnitatud puidust kahvel.<\/p>\n<p><strong>Omadused:<\/strong><br \/>\nMaterjal: savi<br \/>\nK\u00f5rgus: ~ 12 cm<br \/>\nLaius: ~ 7,8 cm<br \/>\nMahutavus: ~ 1,3 cm<br \/>\nV\u00e4rv: roheline<\/p>\n<p>Kas teil on k\u00fcsimusi? v\u00f5ta meiega \u00fchendust\u00a0<a href=\"https:\/\/hookahshop.lt\/et\/kontaktid\/\">kontaktide leht<\/a>\u00a0v\u00f5i saatke meile e-kiri aadressil\u00a0<a href=\"https:\/\/facebook.com\/HookahShop.lt\/\" target=\"_blank\" rel=\"noopener\">Facebooki konto<\/a>\u00a0ja vastame teie taotlusele samal p\u00e4eval.<\/p>\n<p>&nbsp;<\/p>","protected":false},"excerpt":{"rendered":"<p>Vesipiibu tass MOON Phunnel Green K\u00e4sitsi valmistatud, suurep\u00e4rane t\u00f6\u00f6tlus, valmistatud kvaliteetsest savist, glasuuritud tass. Kvaliteetne savi ja glasuur on ideaalne kombinatsioon. Tass sobib nii tumedale kui heledale tubakale. Tassi maht on umbes 15 g (olenevalt kasutatavast pakkimisviisist). Kaasas on puidust kahvel tubaka jaotamiseks topsis. Omadused: Materjal: savi K\u00f5rgus: ~ 12 cm Laius: [\u2026]<\/p>","protected":false},"featured_media":36337,"comment_status":"open","ping_status":"closed","template":"","meta":[],"_links":{"self":[{"href":"https:\/\/hookahshop.lt\/et\/wp-json\/wp\/v2\/product\/36336"}],"collection":[{"href":"https:\/\/hookahshop.lt\/et\/wp-json\/wp\/v2\/product"}],"about":[{"href":"https:\/\/hookahshop.lt\/et\/wp-json\/wp\/v2\/types\/product"}],"replies":[{"embeddable":true,"href":"https:\/\/hookahshop.lt\/et\/wp-json\/wp\/v2\/comments?post=36336"}],"version-history":[{"count":3,"href":"https:\/\/hookahshop.lt\/et\/wp-json\/wp\/v2\/product\/36336\/revisions"}],"predecessor-version":[{"id":40905,"href":"https:\/\/hookahshop.lt\/et\/wp-json\/wp\/v2\/product\/36336\/revisions\/40905"}],"wp:featuredmedia":[{"embeddable":true,"href":"https:\/\/hookahshop.lt\/et\/wp-json\/wp\/v2\/media\/36337"}],"wp:attachment":[{"href":"https:\/\/hookahshop.lt\/et\/wp-json\/wp\/v2\/media?parent=36336"}],"curies":[{"name":"wp","href":"https:\/\/api.w.org\/{rel}","templated":true}]}}